{"id":3191,"date":"2021-06-09T11:34:35","date_gmt":"2021-07-07T09:18:21","guid":{"rendered":"http:\/\/www.new-chateau-viaudiere.zag-com.fr\/?post_type=product&#038;p=3191"},"modified":"2021-11-24T14:18:21","modified_gmt":"2021-11-24T13:18:21","slug":"cabernet-d-anjou-bib","status":"publish","type":"product","link":"https:\/\/www.chateau-viaudiere.com\/en\/shop\/cabernet-d-anjou-bib\/","title":{"rendered":"Cabernet d&#8217;Anjou"},"content":{"rendered":"<p>A perfect wine for sunny summer days, this ros\u00e9 will win you over with its deep \u201conion skin\u201d colour. This a semi-sweet wine (with unfermented residual sugar) can be drunk as much as an aperitif as during the meal. It is a perfect accompaniment to a food as it plays on the sweet and sour aspects of a dish. Following 6 to 10 hours of maceration, part of the juice is drawn off into another vat for alcoholic maceration. This is called the saign\u00e9e (literally bleeding). Once the fermentation is completed, the wine rests on the lees before being assembled, filtered and bottled after six months. The harvest, under the golden October sun, was limited to 50 hectolitres\/ hectare. This Ros\u00e9 deserves a special place in the world of wine. It is very difficult to make, and requires all the winemaker\u2019s knowhow to bring out its full character. It must be soft, refreshing, and fruity, and if you want to take another glass without even thinking about it then I\u2019ve my job well!<\/p>\n","protected":false},"excerpt":{"rendered":"<p>A perfect wine for sunny summer days, this ros\u00e9 will win you over with its deep \u201conion skin\u201d colour. This a semi-sweet wine (with unfermented residual sugar) can be drunk as much as an aperitif as during the meal.<\/p>\n","protected":false},"featured_media":2948,"comment_status":"open","ping_status":"closed","template":"","meta":{"_acf_changed":false},"product_brand":[],"product_cat":[120],"product_tag":[132],"class_list":{"0":"post-3191","1":"product","2":"type-product","3":"status-publish","4":"has-post-thumbnail","6":"product_cat-fontaine","7":"product_tag-fountains","9":"first","10":"instock","11":"taxable","12":"shipping-taxable","13":"purchasable","14":"product-type-variable","15":"has-default-attributes"},"group_of_quantity":0,"min_quantity":0,"max_quantity":"","exclude_order_quantity_value_rules":"no","exclude_category_quantity_rules":"no","combine_variations":"no","acf":[],"yoast_head":"<!-- This site is optimized with the Yoast SEO plugin v27.4 - https:\/\/yoast.com\/product\/yoast-seo-wordpress\/ -->\n<title>Cabernet d&#039;Anjou - Ch\u00e2teau de la Viaudi\u00e8re<\/title>\n<meta name=\"description\" content=\"- Achetez notre cuv\u00e9e Cabernet d&#039;Anjou au meilleur prix sur notre boutique en ligne. Livraison offerte d\u00e8s 12 bouteilles.\" \/>\n<meta name=\"robots\" content=\"index, follow, max-snippet:-1, max-image-preview:large, max-video-preview:-1\" \/>\n<link rel=\"canonical\" href=\"https:\/\/www.chateau-viaudiere.com\/en\/shop\/cabernet-d-anjou-bib\/\" \/>\n<meta property=\"og:locale\" content=\"en_US\" \/>\n<meta property=\"og:type\" content=\"article\" \/>\n<meta property=\"og:title\" content=\"Cabernet d&#039;Anjou - Ch\u00e2teau de la Viaudi\u00e8re\" \/>\n<meta property=\"og:description\" content=\"- Achetez notre cuv\u00e9e Cabernet d&#039;Anjou au meilleur prix sur notre boutique en ligne. Livraison offerte d\u00e8s 12 bouteilles.\" \/>\n<meta property=\"og:url\" content=\"https:\/\/www.chateau-viaudiere.com\/en\/shop\/cabernet-d-anjou-bib\/\" \/>\n<meta property=\"og:site_name\" content=\"Ch\u00e2teau de la Viaudi\u00e8re\" \/>\n<meta property=\"article:modified_time\" content=\"2021-11-24T13:18:21+00:00\" \/>\n<meta property=\"og:image\" content=\"https:\/\/www.chateau-viaudiere.com\/wp-content\/uploads\/2021\/06\/cubis-5L.png\" \/>\n\t<meta property=\"og:image:width\" content=\"600\" \/>\n\t<meta property=\"og:image:height\" content=\"600\" \/>\n\t<meta property=\"og:image:type\" content=\"image\/png\" \/>\n<meta name=\"twitter:card\" content=\"summary_large_image\" \/>\n<meta name=\"twitter:label1\" content=\"Est. reading time\" \/>\n\t<meta name=\"twitter:data1\" content=\"1 minute\" \/>\n<script type=\"application\/ld+json\" class=\"yoast-schema-graph\">{\"@context\":\"https:\\\/\\\/schema.org\",\"@graph\":[{\"@type\":\"WebPage\",\"@id\":\"https:\\\/\\\/www.chateau-viaudiere.com\\\/en\\\/shop\\\/cabernet-d-anjou-bib\\\/\",\"url\":\"https:\\\/\\\/www.chateau-viaudiere.com\\\/en\\\/shop\\\/cabernet-d-anjou-bib\\\/\",\"name\":\"Cabernet d'Anjou - Ch\u00e2teau de la Viaudi\u00e8re\",\"isPartOf\":{\"@id\":\"https:\\\/\\\/www.chateau-viaudiere.com\\\/en\\\/#website\"},\"primaryImageOfPage\":{\"@id\":\"https:\\\/\\\/www.chateau-viaudiere.com\\\/en\\\/shop\\\/cabernet-d-anjou-bib\\\/#primaryimage\"},\"image\":{\"@id\":\"https:\\\/\\\/www.chateau-viaudiere.com\\\/en\\\/shop\\\/cabernet-d-anjou-bib\\\/#primaryimage\"},\"thumbnailUrl\":\"https:\\\/\\\/www.chateau-viaudiere.com\\\/wp-content\\\/uploads\\\/2021\\\/06\\\/cubis-5L.png\",\"datePublished\":\"2021-07-07T09:18:21+00:00\",\"dateModified\":\"2021-11-24T13:18:21+00:00\",\"description\":\"- Achetez notre cuv\u00e9e Cabernet d'Anjou au meilleur prix sur notre boutique en ligne. Livraison offerte d\u00e8s 12 bouteilles.\",\"breadcrumb\":{\"@id\":\"https:\\\/\\\/www.chateau-viaudiere.com\\\/en\\\/shop\\\/cabernet-d-anjou-bib\\\/#breadcrumb\"},\"inLanguage\":\"en-US\",\"potentialAction\":[{\"@type\":\"ReadAction\",\"target\":[\"https:\\\/\\\/www.chateau-viaudiere.com\\\/en\\\/shop\\\/cabernet-d-anjou-bib\\\/\"]}]},{\"@type\":\"ImageObject\",\"inLanguage\":\"en-US\",\"@id\":\"https:\\\/\\\/www.chateau-viaudiere.com\\\/en\\\/shop\\\/cabernet-d-anjou-bib\\\/#primaryimage\",\"url\":\"https:\\\/\\\/www.chateau-viaudiere.com\\\/wp-content\\\/uploads\\\/2021\\\/06\\\/cubis-5L.png\",\"contentUrl\":\"https:\\\/\\\/www.chateau-viaudiere.com\\\/wp-content\\\/uploads\\\/2021\\\/06\\\/cubis-5L.png\",\"width\":600,\"height\":600,\"caption\":\"Cubis 5 Litres\"},{\"@type\":\"BreadcrumbList\",\"@id\":\"https:\\\/\\\/www.chateau-viaudiere.com\\\/en\\\/shop\\\/cabernet-d-anjou-bib\\\/#breadcrumb\",\"itemListElement\":[{\"@type\":\"ListItem\",\"position\":1,\"name\":\"Accueil\",\"item\":\"https:\\\/\\\/www.chateau-viaudiere.com\\\/en\\\/\"},{\"@type\":\"ListItem\",\"position\":2,\"name\":\"Home\",\"item\":\"https:\\\/\\\/www.chateau-viaudiere.com\\\/en\\\/\"},{\"@type\":\"ListItem\",\"position\":3,\"name\":\"Cabernet d&rsquo;Anjou\"}]},{\"@type\":\"WebSite\",\"@id\":\"https:\\\/\\\/www.chateau-viaudiere.com\\\/en\\\/#website\",\"url\":\"https:\\\/\\\/www.chateau-viaudiere.com\\\/en\\\/\",\"name\":\"Ch\u00e2teau de la Viaudi\u00e8re\",\"description\":\"\",\"potentialAction\":[{\"@type\":\"SearchAction\",\"target\":{\"@type\":\"EntryPoint\",\"urlTemplate\":\"https:\\\/\\\/www.chateau-viaudiere.com\\\/en\\\/?s={search_term_string}\"},\"query-input\":{\"@type\":\"PropertyValueSpecification\",\"valueRequired\":true,\"valueName\":\"search_term_string\"}}],\"inLanguage\":\"en-US\"}]}<\/script>\n<!-- \/ Yoast SEO plugin. -->","yoast_head_json":{"title":"Cabernet d'Anjou - Ch\u00e2teau de la Viaudi\u00e8re","description":"- Achetez notre cuv\u00e9e Cabernet d'Anjou au meilleur prix sur notre boutique en ligne. Livraison offerte d\u00e8s 12 bouteilles.","robots":{"index":"index","follow":"follow","max-snippet":"max-snippet:-1","max-image-preview":"max-image-preview:large","max-video-preview":"max-video-preview:-1"},"canonical":"https:\/\/www.chateau-viaudiere.com\/en\/shop\/cabernet-d-anjou-bib\/","og_locale":"en_US","og_type":"article","og_title":"Cabernet d'Anjou - Ch\u00e2teau de la Viaudi\u00e8re","og_description":"- Achetez notre cuv\u00e9e Cabernet d'Anjou au meilleur prix sur notre boutique en ligne. Livraison offerte d\u00e8s 12 bouteilles.","og_url":"https:\/\/www.chateau-viaudiere.com\/en\/shop\/cabernet-d-anjou-bib\/","og_site_name":"Ch\u00e2teau de la Viaudi\u00e8re","article_modified_time":"2021-11-24T13:18:21+00:00","og_image":[{"width":600,"height":600,"url":"https:\/\/www.chateau-viaudiere.com\/wp-content\/uploads\/2021\/06\/cubis-5L.png","type":"image\/png"}],"twitter_card":"summary_large_image","twitter_misc":{"Est. reading time":"1 minute"},"schema":{"@context":"https:\/\/schema.org","@graph":[{"@type":"WebPage","@id":"https:\/\/www.chateau-viaudiere.com\/en\/shop\/cabernet-d-anjou-bib\/","url":"https:\/\/www.chateau-viaudiere.com\/en\/shop\/cabernet-d-anjou-bib\/","name":"Cabernet d'Anjou - Ch\u00e2teau de la Viaudi\u00e8re","isPartOf":{"@id":"https:\/\/www.chateau-viaudiere.com\/en\/#website"},"primaryImageOfPage":{"@id":"https:\/\/www.chateau-viaudiere.com\/en\/shop\/cabernet-d-anjou-bib\/#primaryimage"},"image":{"@id":"https:\/\/www.chateau-viaudiere.com\/en\/shop\/cabernet-d-anjou-bib\/#primaryimage"},"thumbnailUrl":"https:\/\/www.chateau-viaudiere.com\/wp-content\/uploads\/2021\/06\/cubis-5L.png","datePublished":"2021-07-07T09:18:21+00:00","dateModified":"2021-11-24T13:18:21+00:00","description":"- Achetez notre cuv\u00e9e Cabernet d'Anjou au meilleur prix sur notre boutique en ligne. Livraison offerte d\u00e8s 12 bouteilles.","breadcrumb":{"@id":"https:\/\/www.chateau-viaudiere.com\/en\/shop\/cabernet-d-anjou-bib\/#breadcrumb"},"inLanguage":"en-US","potentialAction":[{"@type":"ReadAction","target":["https:\/\/www.chateau-viaudiere.com\/en\/shop\/cabernet-d-anjou-bib\/"]}]},{"@type":"ImageObject","inLanguage":"en-US","@id":"https:\/\/www.chateau-viaudiere.com\/en\/shop\/cabernet-d-anjou-bib\/#primaryimage","url":"https:\/\/www.chateau-viaudiere.com\/wp-content\/uploads\/2021\/06\/cubis-5L.png","contentUrl":"https:\/\/www.chateau-viaudiere.com\/wp-content\/uploads\/2021\/06\/cubis-5L.png","width":600,"height":600,"caption":"Cubis 5 Litres"},{"@type":"BreadcrumbList","@id":"https:\/\/www.chateau-viaudiere.com\/en\/shop\/cabernet-d-anjou-bib\/#breadcrumb","itemListElement":[{"@type":"ListItem","position":1,"name":"Accueil","item":"https:\/\/www.chateau-viaudiere.com\/en\/"},{"@type":"ListItem","position":2,"name":"Home","item":"https:\/\/www.chateau-viaudiere.com\/en\/"},{"@type":"ListItem","position":3,"name":"Cabernet d&rsquo;Anjou"}]},{"@type":"WebSite","@id":"https:\/\/www.chateau-viaudiere.com\/en\/#website","url":"https:\/\/www.chateau-viaudiere.com\/en\/","name":"Ch\u00e2teau de la Viaudi\u00e8re","description":"","potentialAction":[{"@type":"SearchAction","target":{"@type":"EntryPoint","urlTemplate":"https:\/\/www.chateau-viaudiere.com\/en\/?s={search_term_string}"},"query-input":{"@type":"PropertyValueSpecification","valueRequired":true,"valueName":"search_term_string"}}],"inLanguage":"en-US"}]}},"_links":{"self":[{"href":"https:\/\/www.chateau-viaudiere.com\/en\/wp-json\/wp\/v2\/product\/3191","targetHints":{"allow":["GET"]}}],"collection":[{"href":"https:\/\/www.chateau-viaudiere.com\/en\/wp-json\/wp\/v2\/product"}],"about":[{"href":"https:\/\/www.chateau-viaudiere.com\/en\/wp-json\/wp\/v2\/types\/product"}],"replies":[{"embeddable":true,"href":"https:\/\/www.chateau-viaudiere.com\/en\/wp-json\/wp\/v2\/comments?post=3191"}],"wp:featuredmedia":[{"embeddable":true,"href":"https:\/\/www.chateau-viaudiere.com\/en\/wp-json\/wp\/v2\/media\/2948"}],"wp:attachment":[{"href":"https:\/\/www.chateau-viaudiere.com\/en\/wp-json\/wp\/v2\/media?parent=3191"}],"wp:term":[{"taxonomy":"product_brand","embeddable":true,"href":"https:\/\/www.chateau-viaudiere.com\/en\/wp-json\/wp\/v2\/product_brand?post=3191"},{"taxonomy":"product_cat","embeddable":true,"href":"https:\/\/www.chateau-viaudiere.com\/en\/wp-json\/wp\/v2\/product_cat?post=3191"},{"taxonomy":"product_tag","embeddable":true,"href":"https:\/\/www.chateau-viaudiere.com\/en\/wp-json\/wp\/v2\/product_tag?post=3191"}],"curies":[{"name":"wp","href":"https:\/\/api.w.org\/{rel}","templated":true}]}}