{"id":3169,"date":"2025-02-07T08:00:37","date_gmt":"2025-02-07T07:00:37","guid":{"rendered":"http:\/\/www.new-chateau-viaudiere.zag-com.fr\/?post_type=product&#038;p=3169"},"modified":"2025-02-07T11:14:11","modified_gmt":"2025-02-07T10:14:11","slug":"gamay-petillant","status":"publish","type":"product","link":"https:\/\/www.chateau-viaudiere.com\/en\/shop\/gamay-petillant\/","title":{"rendered":"Gamay P\u00e9tillant"},"content":{"rendered":"<p>This natural grape juice comes from a Gamay harvest. A delicate ros\u00e9, it has fresh notes of wild strawberries. Sparkling, it is perfect as an aperitif, or with a fruit dessert. Without alcohol.<\/p>\n","protected":false},"excerpt":{"rendered":"<p>Our \u2018Cr\u00e9mant de Loire semi-dry M\u00e9thode Traditionnelle\u2019 (Traditional Method) stems from a hand-harvest with a blend of Red Grolleau (Grolleau Rouge) and Cabernet Sauvignon.<\/p>\n","protected":false},"featured_media":10373,"comment_status":"open","ping_status":"closed","template":"","meta":{"_acf_changed":false},"product_brand":[],"product_cat":[119],"product_tag":[131],"class_list":{"0":"post-3169","1":"product","2":"type-product","3":"status-publish","4":"has-post-thumbnail","6":"product_cat-grape-juice","7":"product_tag-grape-juice","9":"first","10":"instock","11":"taxable","12":"shipping-taxable","13":"purchasable","14":"product-type-simple"},"group_of_quantity":6,"min_quantity":0,"max_quantity":"","exclude_order_quantity_value_rules":"no","exclude_category_quantity_rules":"no","combine_variations":"no","acf":[],"yoast_head":"<!-- This site is optimized with the Yoast SEO plugin v27.4 - https:\/\/yoast.com\/product\/yoast-seo-wordpress\/ -->\n<title>Gamay P\u00e9tillant - Ch\u00e2teau de la Viaudi\u00e8re<\/title>\n<meta name=\"description\" content=\"- Achetez notre cuv\u00e9e Gamay P\u00e9tillant au meilleur prix sur notre boutique en ligne. Livraison offerte d\u00e8s 12 bouteilles.\" \/>\n<meta name=\"robots\" content=\"index, follow, max-snippet:-1, max-image-preview:large, max-video-preview:-1\" \/>\n<link rel=\"canonical\" href=\"https:\/\/www.chateau-viaudiere.com\/en\/shop\/gamay-petillant\/\" \/>\n<meta property=\"og:locale\" content=\"en_US\" \/>\n<meta property=\"og:type\" content=\"article\" \/>\n<meta property=\"og:title\" content=\"Gamay P\u00e9tillant - Ch\u00e2teau de la Viaudi\u00e8re\" \/>\n<meta property=\"og:description\" content=\"- Achetez notre cuv\u00e9e Gamay P\u00e9tillant au meilleur prix sur notre boutique en ligne. Livraison offerte d\u00e8s 12 bouteilles.\" \/>\n<meta property=\"og:url\" content=\"https:\/\/www.chateau-viaudiere.com\/en\/shop\/gamay-petillant\/\" \/>\n<meta property=\"og:site_name\" content=\"Ch\u00e2teau de la Viaudi\u00e8re\" \/>\n<meta property=\"article:modified_time\" content=\"2025-02-07T10:14:11+00:00\" \/>\n<meta property=\"og:image\" content=\"https:\/\/www.chateau-viaudiere.com\/wp-content\/uploads\/2021\/06\/Jus_de_Gamay_Petillant-sans-fond-768x1024.png\" \/>\n\t<meta property=\"og:image:width\" content=\"768\" \/>\n\t<meta property=\"og:image:height\" content=\"1024\" \/>\n\t<meta property=\"og:image:type\" content=\"image\/png\" \/>\n<meta name=\"twitter:card\" content=\"summary_large_image\" \/>\n<meta name=\"twitter:label1\" content=\"Est. reading time\" \/>\n\t<meta name=\"twitter:data1\" content=\"1 minute\" \/>\n<script type=\"application\/ld+json\" class=\"yoast-schema-graph\">{\"@context\":\"https:\\\/\\\/schema.org\",\"@graph\":[{\"@type\":\"WebPage\",\"@id\":\"https:\\\/\\\/www.chateau-viaudiere.com\\\/en\\\/shop\\\/gamay-petillant\\\/\",\"url\":\"https:\\\/\\\/www.chateau-viaudiere.com\\\/en\\\/shop\\\/gamay-petillant\\\/\",\"name\":\"Gamay P\u00e9tillant - Ch\u00e2teau de la Viaudi\u00e8re\",\"isPartOf\":{\"@id\":\"https:\\\/\\\/www.chateau-viaudiere.com\\\/en\\\/#website\"},\"primaryImageOfPage\":{\"@id\":\"https:\\\/\\\/www.chateau-viaudiere.com\\\/en\\\/shop\\\/gamay-petillant\\\/#primaryimage\"},\"image\":{\"@id\":\"https:\\\/\\\/www.chateau-viaudiere.com\\\/en\\\/shop\\\/gamay-petillant\\\/#primaryimage\"},\"thumbnailUrl\":\"https:\\\/\\\/www.chateau-viaudiere.com\\\/wp-content\\\/uploads\\\/2021\\\/06\\\/Jus_de_Gamay_Petillant-sans-fond.png\",\"datePublished\":\"2025-02-07T07:00:37+00:00\",\"dateModified\":\"2025-02-07T10:14:11+00:00\",\"description\":\"- Achetez notre cuv\u00e9e Gamay P\u00e9tillant au meilleur prix sur notre boutique en ligne. Livraison offerte d\u00e8s 12 bouteilles.\",\"breadcrumb\":{\"@id\":\"https:\\\/\\\/www.chateau-viaudiere.com\\\/en\\\/shop\\\/gamay-petillant\\\/#breadcrumb\"},\"inLanguage\":\"en-US\",\"potentialAction\":[{\"@type\":\"ReadAction\",\"target\":[\"https:\\\/\\\/www.chateau-viaudiere.com\\\/en\\\/shop\\\/gamay-petillant\\\/\"]}]},{\"@type\":\"ImageObject\",\"inLanguage\":\"en-US\",\"@id\":\"https:\\\/\\\/www.chateau-viaudiere.com\\\/en\\\/shop\\\/gamay-petillant\\\/#primaryimage\",\"url\":\"https:\\\/\\\/www.chateau-viaudiere.com\\\/wp-content\\\/uploads\\\/2021\\\/06\\\/Jus_de_Gamay_Petillant-sans-fond.png\",\"contentUrl\":\"https:\\\/\\\/www.chateau-viaudiere.com\\\/wp-content\\\/uploads\\\/2021\\\/06\\\/Jus_de_Gamay_Petillant-sans-fond.png\",\"width\":4284,\"height\":5712},{\"@type\":\"BreadcrumbList\",\"@id\":\"https:\\\/\\\/www.chateau-viaudiere.com\\\/en\\\/shop\\\/gamay-petillant\\\/#breadcrumb\",\"itemListElement\":[{\"@type\":\"ListItem\",\"position\":1,\"name\":\"Accueil\",\"item\":\"https:\\\/\\\/www.chateau-viaudiere.com\\\/en\\\/\"},{\"@type\":\"ListItem\",\"position\":2,\"name\":\"Home\",\"item\":\"https:\\\/\\\/www.chateau-viaudiere.com\\\/en\\\/\"},{\"@type\":\"ListItem\",\"position\":3,\"name\":\"Gamay P\u00e9tillant\"}]},{\"@type\":\"WebSite\",\"@id\":\"https:\\\/\\\/www.chateau-viaudiere.com\\\/en\\\/#website\",\"url\":\"https:\\\/\\\/www.chateau-viaudiere.com\\\/en\\\/\",\"name\":\"Ch\u00e2teau de la Viaudi\u00e8re\",\"description\":\"\",\"potentialAction\":[{\"@type\":\"SearchAction\",\"target\":{\"@type\":\"EntryPoint\",\"urlTemplate\":\"https:\\\/\\\/www.chateau-viaudiere.com\\\/en\\\/?s={search_term_string}\"},\"query-input\":{\"@type\":\"PropertyValueSpecification\",\"valueRequired\":true,\"valueName\":\"search_term_string\"}}],\"inLanguage\":\"en-US\"}]}<\/script>\n<!-- \/ Yoast SEO plugin. -->","yoast_head_json":{"title":"Gamay P\u00e9tillant - Ch\u00e2teau de la Viaudi\u00e8re","description":"- Achetez notre cuv\u00e9e Gamay P\u00e9tillant au meilleur prix sur notre boutique en ligne. Livraison offerte d\u00e8s 12 bouteilles.","robots":{"index":"index","follow":"follow","max-snippet":"max-snippet:-1","max-image-preview":"max-image-preview:large","max-video-preview":"max-video-preview:-1"},"canonical":"https:\/\/www.chateau-viaudiere.com\/en\/shop\/gamay-petillant\/","og_locale":"en_US","og_type":"article","og_title":"Gamay P\u00e9tillant - Ch\u00e2teau de la Viaudi\u00e8re","og_description":"- Achetez notre cuv\u00e9e Gamay P\u00e9tillant au meilleur prix sur notre boutique en ligne. Livraison offerte d\u00e8s 12 bouteilles.","og_url":"https:\/\/www.chateau-viaudiere.com\/en\/shop\/gamay-petillant\/","og_site_name":"Ch\u00e2teau de la Viaudi\u00e8re","article_modified_time":"2025-02-07T10:14:11+00:00","og_image":[{"width":768,"height":1024,"url":"https:\/\/www.chateau-viaudiere.com\/wp-content\/uploads\/2021\/06\/Jus_de_Gamay_Petillant-sans-fond-768x1024.png","type":"image\/png"}],"twitter_card":"summary_large_image","twitter_misc":{"Est. reading time":"1 minute"},"schema":{"@context":"https:\/\/schema.org","@graph":[{"@type":"WebPage","@id":"https:\/\/www.chateau-viaudiere.com\/en\/shop\/gamay-petillant\/","url":"https:\/\/www.chateau-viaudiere.com\/en\/shop\/gamay-petillant\/","name":"Gamay P\u00e9tillant - Ch\u00e2teau de la Viaudi\u00e8re","isPartOf":{"@id":"https:\/\/www.chateau-viaudiere.com\/en\/#website"},"primaryImageOfPage":{"@id":"https:\/\/www.chateau-viaudiere.com\/en\/shop\/gamay-petillant\/#primaryimage"},"image":{"@id":"https:\/\/www.chateau-viaudiere.com\/en\/shop\/gamay-petillant\/#primaryimage"},"thumbnailUrl":"https:\/\/www.chateau-viaudiere.com\/wp-content\/uploads\/2021\/06\/Jus_de_Gamay_Petillant-sans-fond.png","datePublished":"2025-02-07T07:00:37+00:00","dateModified":"2025-02-07T10:14:11+00:00","description":"- Achetez notre cuv\u00e9e Gamay P\u00e9tillant au meilleur prix sur notre boutique en ligne. Livraison offerte d\u00e8s 12 bouteilles.","breadcrumb":{"@id":"https:\/\/www.chateau-viaudiere.com\/en\/shop\/gamay-petillant\/#breadcrumb"},"inLanguage":"en-US","potentialAction":[{"@type":"ReadAction","target":["https:\/\/www.chateau-viaudiere.com\/en\/shop\/gamay-petillant\/"]}]},{"@type":"ImageObject","inLanguage":"en-US","@id":"https:\/\/www.chateau-viaudiere.com\/en\/shop\/gamay-petillant\/#primaryimage","url":"https:\/\/www.chateau-viaudiere.com\/wp-content\/uploads\/2021\/06\/Jus_de_Gamay_Petillant-sans-fond.png","contentUrl":"https:\/\/www.chateau-viaudiere.com\/wp-content\/uploads\/2021\/06\/Jus_de_Gamay_Petillant-sans-fond.png","width":4284,"height":5712},{"@type":"BreadcrumbList","@id":"https:\/\/www.chateau-viaudiere.com\/en\/shop\/gamay-petillant\/#breadcrumb","itemListElement":[{"@type":"ListItem","position":1,"name":"Accueil","item":"https:\/\/www.chateau-viaudiere.com\/en\/"},{"@type":"ListItem","position":2,"name":"Home","item":"https:\/\/www.chateau-viaudiere.com\/en\/"},{"@type":"ListItem","position":3,"name":"Gamay P\u00e9tillant"}]},{"@type":"WebSite","@id":"https:\/\/www.chateau-viaudiere.com\/en\/#website","url":"https:\/\/www.chateau-viaudiere.com\/en\/","name":"Ch\u00e2teau de la Viaudi\u00e8re","description":"","potentialAction":[{"@type":"SearchAction","target":{"@type":"EntryPoint","urlTemplate":"https:\/\/www.chateau-viaudiere.com\/en\/?s={search_term_string}"},"query-input":{"@type":"PropertyValueSpecification","valueRequired":true,"valueName":"search_term_string"}}],"inLanguage":"en-US"}]}},"_links":{"self":[{"href":"https:\/\/www.chateau-viaudiere.com\/en\/wp-json\/wp\/v2\/product\/3169","targetHints":{"allow":["GET"]}}],"collection":[{"href":"https:\/\/www.chateau-viaudiere.com\/en\/wp-json\/wp\/v2\/product"}],"about":[{"href":"https:\/\/www.chateau-viaudiere.com\/en\/wp-json\/wp\/v2\/types\/product"}],"replies":[{"embeddable":true,"href":"https:\/\/www.chateau-viaudiere.com\/en\/wp-json\/wp\/v2\/comments?post=3169"}],"wp:featuredmedia":[{"embeddable":true,"href":"https:\/\/www.chateau-viaudiere.com\/en\/wp-json\/wp\/v2\/media\/10373"}],"wp:attachment":[{"href":"https:\/\/www.chateau-viaudiere.com\/en\/wp-json\/wp\/v2\/media?parent=3169"}],"wp:term":[{"taxonomy":"product_brand","embeddable":true,"href":"https:\/\/www.chateau-viaudiere.com\/en\/wp-json\/wp\/v2\/product_brand?post=3169"},{"taxonomy":"product_cat","embeddable":true,"href":"https:\/\/www.chateau-viaudiere.com\/en\/wp-json\/wp\/v2\/product_cat?post=3169"},{"taxonomy":"product_tag","embeddable":true,"href":"https:\/\/www.chateau-viaudiere.com\/en\/wp-json\/wp\/v2\/product_tag?post=3169"}],"curies":[{"name":"wp","href":"https:\/\/api.w.org\/{rel}","templated":true}]}}