{"id":3167,"date":"2021-06-09T11:03:10","date_gmt":"2021-06-09T09:03:10","guid":{"rendered":"http:\/\/www.new-chateau-viaudiere.zag-com.fr\/?post_type=product&#038;p=3167"},"modified":"2022-11-23T10:17:54","modified_gmt":"2022-11-23T09:17:54","slug":"cremant-de-loire-rose","status":"publish","type":"product","link":"https:\/\/www.chateau-viaudiere.com\/en\/shop\/cremant-de-loire-rose\/","title":{"rendered":"Cr\u00e9mant de Loire Ros\u00e9 - 2021"},"content":{"rendered":"<p>The Cr\u00e9mant de Loire is made through Traditional Method (formerly called Champagne Method). To desserve this name, grapes must be hand-harvested in specific crates and pressed following a particular process in order to extract only the best grape juice. Then during two years, will follow the following processes : first wine production, bottle fermentation, on lath maturation and disgorging. Our Cr\u00e9mant Ros\u00e9 is dry and stems from the blending of Gamay and Cabernet grape varieties. Dry, just like its homonymous white wine, he expresses a great fullness on red fruit notes. The delicacy of its bubbles give it a very feminine personality. It was awarded a Gold Medal in Paris in 2010. To be drank for aperitif or dessert or as soon as you desire it, in Champagne coupes or flutes depending on the mood. Cheers !<\/p>\n","protected":false},"excerpt":{"rendered":"<p>The Cr\u00e9mant de Loire is made through Traditional Method (formerly called Champagne Method). To desserve this name, grapes must be hand-harvested in specific crates and pressed following a particular process in order to extract only the best grape juice.<br \/>\nCheers !<\/p>\n","protected":false},"featured_media":2724,"comment_status":"open","ping_status":"closed","template":"","meta":{"_acf_changed":false},"product_brand":[],"product_cat":[122],"product_tag":[129],"class_list":{"0":"post-3167","1":"product","2":"type-product","3":"status-publish","4":"has-post-thumbnail","6":"product_cat-cremants","7":"product_tag-traditional-method","9":"first","10":"instock","11":"taxable","12":"shipping-taxable","13":"purchasable","14":"product-type-simple"},"group_of_quantity":6,"min_quantity":0,"max_quantity":"","exclude_order_quantity_value_rules":"no","exclude_category_quantity_rules":"no","combine_variations":"no","acf":[],"yoast_head":"<!-- This site is optimized with the Yoast SEO plugin v27.4 - https:\/\/yoast.com\/product\/yoast-seo-wordpress\/ -->\n<title>Cr\u00e9mant de Loire Ros\u00e9 2021 - AOP Cr\u00e9mant de Loire - Ch\u00e2teau de la Viaudi\u00e8re<\/title>\n<meta name=\"description\" content=\"AOP Cr\u00e9mant de Loire - Achetez notre cuv\u00e9e Cr\u00e9mant de Loire Ros\u00e9 au meilleur prix sur notre boutique en ligne. Livraison offerte d\u00e8s 12 bouteilles.\" \/>\n<meta name=\"robots\" content=\"index, follow, max-snippet:-1, max-image-preview:large, max-video-preview:-1\" \/>\n<link rel=\"canonical\" href=\"https:\/\/www.chateau-viaudiere.com\/en\/shop\/cremant-de-loire-rose\/\" \/>\n<meta property=\"og:locale\" content=\"en_US\" \/>\n<meta property=\"og:type\" content=\"article\" \/>\n<meta property=\"og:title\" content=\"Cr\u00e9mant de Loire Ros\u00e9 2021 - AOP Cr\u00e9mant de Loire - Ch\u00e2teau de la Viaudi\u00e8re\" \/>\n<meta property=\"og:description\" content=\"AOP Cr\u00e9mant de Loire - Achetez notre cuv\u00e9e Cr\u00e9mant de Loire Ros\u00e9 au meilleur prix sur notre boutique en ligne. Livraison offerte d\u00e8s 12 bouteilles.\" \/>\n<meta property=\"og:url\" content=\"https:\/\/www.chateau-viaudiere.com\/en\/shop\/cremant-de-loire-rose\/\" \/>\n<meta property=\"og:site_name\" content=\"Ch\u00e2teau de la Viaudi\u00e8re\" \/>\n<meta property=\"article:modified_time\" content=\"2022-11-23T09:17:54+00:00\" \/>\n<meta property=\"og:image\" content=\"https:\/\/www.chateau-viaudiere.com\/wp-content\/uploads\/2021\/06\/cremantdeloire-packshot-cremant-rose.png\" \/>\n\t<meta property=\"og:image:width\" content=\"600\" \/>\n\t<meta property=\"og:image:height\" content=\"600\" \/>\n\t<meta property=\"og:image:type\" content=\"image\/png\" \/>\n<meta name=\"twitter:card\" content=\"summary_large_image\" \/>\n<meta name=\"twitter:label1\" content=\"Est. reading time\" \/>\n\t<meta name=\"twitter:data1\" content=\"1 minute\" \/>\n<script type=\"application\/ld+json\" class=\"yoast-schema-graph\">{\"@context\":\"https:\\\/\\\/schema.org\",\"@graph\":[{\"@type\":\"WebPage\",\"@id\":\"https:\\\/\\\/www.chateau-viaudiere.com\\\/en\\\/shop\\\/cremant-de-loire-rose\\\/\",\"url\":\"https:\\\/\\\/www.chateau-viaudiere.com\\\/en\\\/shop\\\/cremant-de-loire-rose\\\/\",\"name\":\"Cr\u00e9mant de Loire Ros\u00e9 2021 - AOP Cr\u00e9mant de Loire - Ch\u00e2teau de la Viaudi\u00e8re\",\"isPartOf\":{\"@id\":\"https:\\\/\\\/www.chateau-viaudiere.com\\\/en\\\/#website\"},\"primaryImageOfPage\":{\"@id\":\"https:\\\/\\\/www.chateau-viaudiere.com\\\/en\\\/shop\\\/cremant-de-loire-rose\\\/#primaryimage\"},\"image\":{\"@id\":\"https:\\\/\\\/www.chateau-viaudiere.com\\\/en\\\/shop\\\/cremant-de-loire-rose\\\/#primaryimage\"},\"thumbnailUrl\":\"https:\\\/\\\/www.chateau-viaudiere.com\\\/wp-content\\\/uploads\\\/2021\\\/06\\\/cremantdeloire-packshot-cremant-rose.png\",\"datePublished\":\"2021-06-09T09:03:10+00:00\",\"dateModified\":\"2022-11-23T09:17:54+00:00\",\"description\":\"AOP Cr\u00e9mant de Loire - Achetez notre cuv\u00e9e Cr\u00e9mant de Loire Ros\u00e9 au meilleur prix sur notre boutique en ligne. Livraison offerte d\u00e8s 12 bouteilles.\",\"breadcrumb\":{\"@id\":\"https:\\\/\\\/www.chateau-viaudiere.com\\\/en\\\/shop\\\/cremant-de-loire-rose\\\/#breadcrumb\"},\"inLanguage\":\"en-US\",\"potentialAction\":[{\"@type\":\"ReadAction\",\"target\":[\"https:\\\/\\\/www.chateau-viaudiere.com\\\/en\\\/shop\\\/cremant-de-loire-rose\\\/\"]}]},{\"@type\":\"ImageObject\",\"inLanguage\":\"en-US\",\"@id\":\"https:\\\/\\\/www.chateau-viaudiere.com\\\/en\\\/shop\\\/cremant-de-loire-rose\\\/#primaryimage\",\"url\":\"https:\\\/\\\/www.chateau-viaudiere.com\\\/wp-content\\\/uploads\\\/2021\\\/06\\\/cremantdeloire-packshot-cremant-rose.png\",\"contentUrl\":\"https:\\\/\\\/www.chateau-viaudiere.com\\\/wp-content\\\/uploads\\\/2021\\\/06\\\/cremantdeloire-packshot-cremant-rose.png\",\"width\":600,\"height\":600,\"caption\":\"Cr\u00e9mant de Loire Ros\u00e9 - Ch\u00e2teau Viaudi\u00e8re\"},{\"@type\":\"BreadcrumbList\",\"@id\":\"https:\\\/\\\/www.chateau-viaudiere.com\\\/en\\\/shop\\\/cremant-de-loire-rose\\\/#breadcrumb\",\"itemListElement\":[{\"@type\":\"ListItem\",\"position\":1,\"name\":\"Accueil\",\"item\":\"https:\\\/\\\/www.chateau-viaudiere.com\\\/en\\\/\"},{\"@type\":\"ListItem\",\"position\":2,\"name\":\"Home\",\"item\":\"https:\\\/\\\/www.chateau-viaudiere.com\\\/en\\\/\"},{\"@type\":\"ListItem\",\"position\":3,\"name\":\"Cr\u00e9mant de Loire Ros\u00e9\"}]},{\"@type\":\"WebSite\",\"@id\":\"https:\\\/\\\/www.chateau-viaudiere.com\\\/en\\\/#website\",\"url\":\"https:\\\/\\\/www.chateau-viaudiere.com\\\/en\\\/\",\"name\":\"Ch\u00e2teau de la Viaudi\u00e8re\",\"description\":\"\",\"potentialAction\":[{\"@type\":\"SearchAction\",\"target\":{\"@type\":\"EntryPoint\",\"urlTemplate\":\"https:\\\/\\\/www.chateau-viaudiere.com\\\/en\\\/?s={search_term_string}\"},\"query-input\":{\"@type\":\"PropertyValueSpecification\",\"valueRequired\":true,\"valueName\":\"search_term_string\"}}],\"inLanguage\":\"en-US\"}]}<\/script>\n<!-- \/ Yoast SEO plugin. -->","yoast_head_json":{"title":"Cr\u00e9mant de Loire Ros\u00e9 2021 - AOP Cr\u00e9mant de Loire - Ch\u00e2teau de la Viaudi\u00e8re","description":"AOP Cr\u00e9mant de Loire - Achetez notre cuv\u00e9e Cr\u00e9mant de Loire Ros\u00e9 au meilleur prix sur notre boutique en ligne. Livraison offerte d\u00e8s 12 bouteilles.","robots":{"index":"index","follow":"follow","max-snippet":"max-snippet:-1","max-image-preview":"max-image-preview:large","max-video-preview":"max-video-preview:-1"},"canonical":"https:\/\/www.chateau-viaudiere.com\/en\/shop\/cremant-de-loire-rose\/","og_locale":"en_US","og_type":"article","og_title":"Cr\u00e9mant de Loire Ros\u00e9 2021 - AOP Cr\u00e9mant de Loire - Ch\u00e2teau de la Viaudi\u00e8re","og_description":"AOP Cr\u00e9mant de Loire - Achetez notre cuv\u00e9e Cr\u00e9mant de Loire Ros\u00e9 au meilleur prix sur notre boutique en ligne. Livraison offerte d\u00e8s 12 bouteilles.","og_url":"https:\/\/www.chateau-viaudiere.com\/en\/shop\/cremant-de-loire-rose\/","og_site_name":"Ch\u00e2teau de la Viaudi\u00e8re","article_modified_time":"2022-11-23T09:17:54+00:00","og_image":[{"width":600,"height":600,"url":"https:\/\/www.chateau-viaudiere.com\/wp-content\/uploads\/2021\/06\/cremantdeloire-packshot-cremant-rose.png","type":"image\/png"}],"twitter_card":"summary_large_image","twitter_misc":{"Est. reading time":"1 minute"},"schema":{"@context":"https:\/\/schema.org","@graph":[{"@type":"WebPage","@id":"https:\/\/www.chateau-viaudiere.com\/en\/shop\/cremant-de-loire-rose\/","url":"https:\/\/www.chateau-viaudiere.com\/en\/shop\/cremant-de-loire-rose\/","name":"Cr\u00e9mant de Loire Ros\u00e9 2021 - AOP Cr\u00e9mant de Loire - Ch\u00e2teau de la Viaudi\u00e8re","isPartOf":{"@id":"https:\/\/www.chateau-viaudiere.com\/en\/#website"},"primaryImageOfPage":{"@id":"https:\/\/www.chateau-viaudiere.com\/en\/shop\/cremant-de-loire-rose\/#primaryimage"},"image":{"@id":"https:\/\/www.chateau-viaudiere.com\/en\/shop\/cremant-de-loire-rose\/#primaryimage"},"thumbnailUrl":"https:\/\/www.chateau-viaudiere.com\/wp-content\/uploads\/2021\/06\/cremantdeloire-packshot-cremant-rose.png","datePublished":"2021-06-09T09:03:10+00:00","dateModified":"2022-11-23T09:17:54+00:00","description":"AOP Cr\u00e9mant de Loire - Achetez notre cuv\u00e9e Cr\u00e9mant de Loire Ros\u00e9 au meilleur prix sur notre boutique en ligne. Livraison offerte d\u00e8s 12 bouteilles.","breadcrumb":{"@id":"https:\/\/www.chateau-viaudiere.com\/en\/shop\/cremant-de-loire-rose\/#breadcrumb"},"inLanguage":"en-US","potentialAction":[{"@type":"ReadAction","target":["https:\/\/www.chateau-viaudiere.com\/en\/shop\/cremant-de-loire-rose\/"]}]},{"@type":"ImageObject","inLanguage":"en-US","@id":"https:\/\/www.chateau-viaudiere.com\/en\/shop\/cremant-de-loire-rose\/#primaryimage","url":"https:\/\/www.chateau-viaudiere.com\/wp-content\/uploads\/2021\/06\/cremantdeloire-packshot-cremant-rose.png","contentUrl":"https:\/\/www.chateau-viaudiere.com\/wp-content\/uploads\/2021\/06\/cremantdeloire-packshot-cremant-rose.png","width":600,"height":600,"caption":"Cr\u00e9mant de Loire Ros\u00e9 - Ch\u00e2teau Viaudi\u00e8re"},{"@type":"BreadcrumbList","@id":"https:\/\/www.chateau-viaudiere.com\/en\/shop\/cremant-de-loire-rose\/#breadcrumb","itemListElement":[{"@type":"ListItem","position":1,"name":"Accueil","item":"https:\/\/www.chateau-viaudiere.com\/en\/"},{"@type":"ListItem","position":2,"name":"Home","item":"https:\/\/www.chateau-viaudiere.com\/en\/"},{"@type":"ListItem","position":3,"name":"Cr\u00e9mant de Loire Ros\u00e9"}]},{"@type":"WebSite","@id":"https:\/\/www.chateau-viaudiere.com\/en\/#website","url":"https:\/\/www.chateau-viaudiere.com\/en\/","name":"Ch\u00e2teau de la Viaudi\u00e8re","description":"","potentialAction":[{"@type":"SearchAction","target":{"@type":"EntryPoint","urlTemplate":"https:\/\/www.chateau-viaudiere.com\/en\/?s={search_term_string}"},"query-input":{"@type":"PropertyValueSpecification","valueRequired":true,"valueName":"search_term_string"}}],"inLanguage":"en-US"}]}},"_links":{"self":[{"href":"https:\/\/www.chateau-viaudiere.com\/en\/wp-json\/wp\/v2\/product\/3167","targetHints":{"allow":["GET"]}}],"collection":[{"href":"https:\/\/www.chateau-viaudiere.com\/en\/wp-json\/wp\/v2\/product"}],"about":[{"href":"https:\/\/www.chateau-viaudiere.com\/en\/wp-json\/wp\/v2\/types\/product"}],"replies":[{"embeddable":true,"href":"https:\/\/www.chateau-viaudiere.com\/en\/wp-json\/wp\/v2\/comments?post=3167"}],"wp:featuredmedia":[{"embeddable":true,"href":"https:\/\/www.chateau-viaudiere.com\/en\/wp-json\/wp\/v2\/media\/2724"}],"wp:attachment":[{"href":"https:\/\/www.chateau-viaudiere.com\/en\/wp-json\/wp\/v2\/media?parent=3167"}],"wp:term":[{"taxonomy":"product_brand","embeddable":true,"href":"https:\/\/www.chateau-viaudiere.com\/en\/wp-json\/wp\/v2\/product_brand?post=3167"},{"taxonomy":"product_cat","embeddable":true,"href":"https:\/\/www.chateau-viaudiere.com\/en\/wp-json\/wp\/v2\/product_cat?post=3167"},{"taxonomy":"product_tag","embeddable":true,"href":"https:\/\/www.chateau-viaudiere.com\/en\/wp-json\/wp\/v2\/product_tag?post=3167"}],"curies":[{"name":"wp","href":"https:\/\/api.w.org\/{rel}","templated":true}]}}