{"id":3164,"date":"2021-06-09T11:00:21","date_gmt":"2021-06-09T09:00:21","guid":{"rendered":"http:\/\/www.new-chateau-viaudiere.zag-com.fr\/?post_type=product&#038;p=3164"},"modified":"2023-01-12T22:14:47","modified_gmt":"2023-01-12T21:14:47","slug":"cremant-de-loire-blanc","status":"publish","type":"product","link":"https:\/\/www.chateau-viaudiere.com\/en\/shop\/cremant-de-loire-blanc\/","title":{"rendered":"Cr\u00e9mant de Loire Blanc - 2023"},"content":{"rendered":"<p>The Cr\u00e9mant de Loire is a m\u00e9thode traditionnelle (which used to be known as m\u00e9thode champenoise). To earn this appellation, the grapes must be hand picked and pressed using a specific protocol ensuring that only the best juice is kept for use. Pressing is followed by almost two years of hard work where the base wine is made, the bottle fermentation takes place, the wine rests on the lees and is then disgorged. At la Viaudi\u00e8re we mainly use Chardonnay with a little bit of Chenin to make what has become one of our classic wines. The Chenin gives the wine its structure and the Chardonnay its fruit, fine bubbles and elegance. This will probably remind connoisseurs of certain Blanc de Blancs. We have been making our sparkling wine this way since 1997, and have won several gold medals at the Concours G\u00e9n\u00e9ral and various other competitions for independent winemakers. My customers would recommend drinking this wine for any occasion, from the beginning to the end of the meal \u2013 and how right they are!<\/p>\n","protected":false},"excerpt":{"rendered":"<p>The Cr\u00e9mant de Loire is a m\u00e9thode traditionnelle (which used to be known as m\u00e9thode champenoise). To earn this appellation, the grapes must be hand picked and pressed using a specific protocol ensuring that only the best juice is kept for use.<\/p>\n","protected":false},"featured_media":2722,"comment_status":"open","ping_status":"closed","template":"","meta":{"_acf_changed":false},"product_brand":[],"product_cat":[122],"product_tag":[129],"class_list":{"0":"post-3164","1":"product","2":"type-product","3":"status-publish","4":"has-post-thumbnail","6":"product_cat-cremants","7":"product_tag-traditional-method","9":"first","10":"instock","11":"taxable","12":"shipping-taxable","13":"purchasable","14":"product-type-simple"},"group_of_quantity":6,"min_quantity":0,"max_quantity":"","exclude_order_quantity_value_rules":"no","exclude_category_quantity_rules":"no","combine_variations":"no","acf":[],"yoast_head":"<!-- This site is optimized with the Yoast SEO plugin v27.4 - https:\/\/yoast.com\/product\/yoast-seo-wordpress\/ -->\n<title>Cr\u00e9mant de Loire Blanc 2023 - AOP Cr\u00e9mant de Loire - Ch\u00e2teau de la Viaudi\u00e8re<\/title>\n<meta name=\"description\" content=\"AOP Cr\u00e9mant de Loire - Achetez notre cuv\u00e9e Cr\u00e9mant de Loire Blanc au meilleur prix sur notre boutique en ligne. Livraison offerte d\u00e8s 12 bouteilles.\" \/>\n<meta name=\"robots\" content=\"index, follow, max-snippet:-1, max-image-preview:large, max-video-preview:-1\" \/>\n<link rel=\"canonical\" href=\"https:\/\/www.chateau-viaudiere.com\/en\/shop\/cremant-de-loire-blanc\/\" \/>\n<meta property=\"og:locale\" content=\"en_US\" \/>\n<meta property=\"og:type\" content=\"article\" \/>\n<meta property=\"og:title\" content=\"Cr\u00e9mant de Loire Blanc 2023 - AOP Cr\u00e9mant de Loire - Ch\u00e2teau de la Viaudi\u00e8re\" \/>\n<meta property=\"og:description\" content=\"AOP Cr\u00e9mant de Loire - Achetez notre cuv\u00e9e Cr\u00e9mant de Loire Blanc au meilleur prix sur notre boutique en ligne. Livraison offerte d\u00e8s 12 bouteilles.\" \/>\n<meta property=\"og:url\" content=\"https:\/\/www.chateau-viaudiere.com\/en\/shop\/cremant-de-loire-blanc\/\" \/>\n<meta property=\"og:site_name\" content=\"Ch\u00e2teau de la Viaudi\u00e8re\" \/>\n<meta property=\"article:modified_time\" content=\"2023-01-12T21:14:47+00:00\" \/>\n<meta property=\"og:image\" content=\"https:\/\/www.chateau-viaudiere.com\/wp-content\/uploads\/2021\/06\/cremantdeloire-packshot-cremant-blanc.png\" \/>\n\t<meta property=\"og:image:width\" content=\"600\" \/>\n\t<meta property=\"og:image:height\" content=\"600\" \/>\n\t<meta property=\"og:image:type\" content=\"image\/png\" \/>\n<meta name=\"twitter:card\" content=\"summary_large_image\" \/>\n<meta name=\"twitter:label1\" content=\"Est. reading time\" \/>\n\t<meta name=\"twitter:data1\" content=\"1 minute\" \/>\n<script type=\"application\/ld+json\" class=\"yoast-schema-graph\">{\"@context\":\"https:\\\/\\\/schema.org\",\"@graph\":[{\"@type\":\"WebPage\",\"@id\":\"https:\\\/\\\/www.chateau-viaudiere.com\\\/en\\\/shop\\\/cremant-de-loire-blanc\\\/\",\"url\":\"https:\\\/\\\/www.chateau-viaudiere.com\\\/en\\\/shop\\\/cremant-de-loire-blanc\\\/\",\"name\":\"Cr\u00e9mant de Loire Blanc 2023 - AOP Cr\u00e9mant de Loire - Ch\u00e2teau de la Viaudi\u00e8re\",\"isPartOf\":{\"@id\":\"https:\\\/\\\/www.chateau-viaudiere.com\\\/en\\\/#website\"},\"primaryImageOfPage\":{\"@id\":\"https:\\\/\\\/www.chateau-viaudiere.com\\\/en\\\/shop\\\/cremant-de-loire-blanc\\\/#primaryimage\"},\"image\":{\"@id\":\"https:\\\/\\\/www.chateau-viaudiere.com\\\/en\\\/shop\\\/cremant-de-loire-blanc\\\/#primaryimage\"},\"thumbnailUrl\":\"https:\\\/\\\/www.chateau-viaudiere.com\\\/wp-content\\\/uploads\\\/2021\\\/06\\\/cremantdeloire-packshot-cremant-blanc.png\",\"datePublished\":\"2021-06-09T09:00:21+00:00\",\"dateModified\":\"2023-01-12T21:14:47+00:00\",\"description\":\"AOP Cr\u00e9mant de Loire - Achetez notre cuv\u00e9e Cr\u00e9mant de Loire Blanc au meilleur prix sur notre boutique en ligne. Livraison offerte d\u00e8s 12 bouteilles.\",\"breadcrumb\":{\"@id\":\"https:\\\/\\\/www.chateau-viaudiere.com\\\/en\\\/shop\\\/cremant-de-loire-blanc\\\/#breadcrumb\"},\"inLanguage\":\"en-US\",\"potentialAction\":[{\"@type\":\"ReadAction\",\"target\":[\"https:\\\/\\\/www.chateau-viaudiere.com\\\/en\\\/shop\\\/cremant-de-loire-blanc\\\/\"]}]},{\"@type\":\"ImageObject\",\"inLanguage\":\"en-US\",\"@id\":\"https:\\\/\\\/www.chateau-viaudiere.com\\\/en\\\/shop\\\/cremant-de-loire-blanc\\\/#primaryimage\",\"url\":\"https:\\\/\\\/www.chateau-viaudiere.com\\\/wp-content\\\/uploads\\\/2021\\\/06\\\/cremantdeloire-packshot-cremant-blanc.png\",\"contentUrl\":\"https:\\\/\\\/www.chateau-viaudiere.com\\\/wp-content\\\/uploads\\\/2021\\\/06\\\/cremantdeloire-packshot-cremant-blanc.png\",\"width\":600,\"height\":600,\"caption\":\"Cr\u00e9mant de Loire Blanc - Ch\u00e2teau Viaudi\u00e8re\"},{\"@type\":\"BreadcrumbList\",\"@id\":\"https:\\\/\\\/www.chateau-viaudiere.com\\\/en\\\/shop\\\/cremant-de-loire-blanc\\\/#breadcrumb\",\"itemListElement\":[{\"@type\":\"ListItem\",\"position\":1,\"name\":\"Accueil\",\"item\":\"https:\\\/\\\/www.chateau-viaudiere.com\\\/en\\\/\"},{\"@type\":\"ListItem\",\"position\":2,\"name\":\"Home\",\"item\":\"https:\\\/\\\/www.chateau-viaudiere.com\\\/en\\\/\"},{\"@type\":\"ListItem\",\"position\":3,\"name\":\"Cr\u00e9mant de Loire Blanc\"}]},{\"@type\":\"WebSite\",\"@id\":\"https:\\\/\\\/www.chateau-viaudiere.com\\\/en\\\/#website\",\"url\":\"https:\\\/\\\/www.chateau-viaudiere.com\\\/en\\\/\",\"name\":\"Ch\u00e2teau de la Viaudi\u00e8re\",\"description\":\"\",\"potentialAction\":[{\"@type\":\"SearchAction\",\"target\":{\"@type\":\"EntryPoint\",\"urlTemplate\":\"https:\\\/\\\/www.chateau-viaudiere.com\\\/en\\\/?s={search_term_string}\"},\"query-input\":{\"@type\":\"PropertyValueSpecification\",\"valueRequired\":true,\"valueName\":\"search_term_string\"}}],\"inLanguage\":\"en-US\"}]}<\/script>\n<!-- \/ Yoast SEO plugin. -->","yoast_head_json":{"title":"Cr\u00e9mant de Loire Blanc 2023 - AOP Cr\u00e9mant de Loire - Ch\u00e2teau de la Viaudi\u00e8re","description":"AOP Cr\u00e9mant de Loire - Achetez notre cuv\u00e9e Cr\u00e9mant de Loire Blanc au meilleur prix sur notre boutique en ligne. Livraison offerte d\u00e8s 12 bouteilles.","robots":{"index":"index","follow":"follow","max-snippet":"max-snippet:-1","max-image-preview":"max-image-preview:large","max-video-preview":"max-video-preview:-1"},"canonical":"https:\/\/www.chateau-viaudiere.com\/en\/shop\/cremant-de-loire-blanc\/","og_locale":"en_US","og_type":"article","og_title":"Cr\u00e9mant de Loire Blanc 2023 - AOP Cr\u00e9mant de Loire - Ch\u00e2teau de la Viaudi\u00e8re","og_description":"AOP Cr\u00e9mant de Loire - Achetez notre cuv\u00e9e Cr\u00e9mant de Loire Blanc au meilleur prix sur notre boutique en ligne. Livraison offerte d\u00e8s 12 bouteilles.","og_url":"https:\/\/www.chateau-viaudiere.com\/en\/shop\/cremant-de-loire-blanc\/","og_site_name":"Ch\u00e2teau de la Viaudi\u00e8re","article_modified_time":"2023-01-12T21:14:47+00:00","og_image":[{"width":600,"height":600,"url":"https:\/\/www.chateau-viaudiere.com\/wp-content\/uploads\/2021\/06\/cremantdeloire-packshot-cremant-blanc.png","type":"image\/png"}],"twitter_card":"summary_large_image","twitter_misc":{"Est. reading time":"1 minute"},"schema":{"@context":"https:\/\/schema.org","@graph":[{"@type":"WebPage","@id":"https:\/\/www.chateau-viaudiere.com\/en\/shop\/cremant-de-loire-blanc\/","url":"https:\/\/www.chateau-viaudiere.com\/en\/shop\/cremant-de-loire-blanc\/","name":"Cr\u00e9mant de Loire Blanc 2023 - AOP Cr\u00e9mant de Loire - Ch\u00e2teau de la Viaudi\u00e8re","isPartOf":{"@id":"https:\/\/www.chateau-viaudiere.com\/en\/#website"},"primaryImageOfPage":{"@id":"https:\/\/www.chateau-viaudiere.com\/en\/shop\/cremant-de-loire-blanc\/#primaryimage"},"image":{"@id":"https:\/\/www.chateau-viaudiere.com\/en\/shop\/cremant-de-loire-blanc\/#primaryimage"},"thumbnailUrl":"https:\/\/www.chateau-viaudiere.com\/wp-content\/uploads\/2021\/06\/cremantdeloire-packshot-cremant-blanc.png","datePublished":"2021-06-09T09:00:21+00:00","dateModified":"2023-01-12T21:14:47+00:00","description":"AOP Cr\u00e9mant de Loire - Achetez notre cuv\u00e9e Cr\u00e9mant de Loire Blanc au meilleur prix sur notre boutique en ligne. Livraison offerte d\u00e8s 12 bouteilles.","breadcrumb":{"@id":"https:\/\/www.chateau-viaudiere.com\/en\/shop\/cremant-de-loire-blanc\/#breadcrumb"},"inLanguage":"en-US","potentialAction":[{"@type":"ReadAction","target":["https:\/\/www.chateau-viaudiere.com\/en\/shop\/cremant-de-loire-blanc\/"]}]},{"@type":"ImageObject","inLanguage":"en-US","@id":"https:\/\/www.chateau-viaudiere.com\/en\/shop\/cremant-de-loire-blanc\/#primaryimage","url":"https:\/\/www.chateau-viaudiere.com\/wp-content\/uploads\/2021\/06\/cremantdeloire-packshot-cremant-blanc.png","contentUrl":"https:\/\/www.chateau-viaudiere.com\/wp-content\/uploads\/2021\/06\/cremantdeloire-packshot-cremant-blanc.png","width":600,"height":600,"caption":"Cr\u00e9mant de Loire Blanc - Ch\u00e2teau Viaudi\u00e8re"},{"@type":"BreadcrumbList","@id":"https:\/\/www.chateau-viaudiere.com\/en\/shop\/cremant-de-loire-blanc\/#breadcrumb","itemListElement":[{"@type":"ListItem","position":1,"name":"Accueil","item":"https:\/\/www.chateau-viaudiere.com\/en\/"},{"@type":"ListItem","position":2,"name":"Home","item":"https:\/\/www.chateau-viaudiere.com\/en\/"},{"@type":"ListItem","position":3,"name":"Cr\u00e9mant de Loire Blanc"}]},{"@type":"WebSite","@id":"https:\/\/www.chateau-viaudiere.com\/en\/#website","url":"https:\/\/www.chateau-viaudiere.com\/en\/","name":"Ch\u00e2teau de la Viaudi\u00e8re","description":"","potentialAction":[{"@type":"SearchAction","target":{"@type":"EntryPoint","urlTemplate":"https:\/\/www.chateau-viaudiere.com\/en\/?s={search_term_string}"},"query-input":{"@type":"PropertyValueSpecification","valueRequired":true,"valueName":"search_term_string"}}],"inLanguage":"en-US"}]}},"_links":{"self":[{"href":"https:\/\/www.chateau-viaudiere.com\/en\/wp-json\/wp\/v2\/product\/3164","targetHints":{"allow":["GET"]}}],"collection":[{"href":"https:\/\/www.chateau-viaudiere.com\/en\/wp-json\/wp\/v2\/product"}],"about":[{"href":"https:\/\/www.chateau-viaudiere.com\/en\/wp-json\/wp\/v2\/types\/product"}],"replies":[{"embeddable":true,"href":"https:\/\/www.chateau-viaudiere.com\/en\/wp-json\/wp\/v2\/comments?post=3164"}],"wp:featuredmedia":[{"embeddable":true,"href":"https:\/\/www.chateau-viaudiere.com\/en\/wp-json\/wp\/v2\/media\/2722"}],"wp:attachment":[{"href":"https:\/\/www.chateau-viaudiere.com\/en\/wp-json\/wp\/v2\/media?parent=3164"}],"wp:term":[{"taxonomy":"product_brand","embeddable":true,"href":"https:\/\/www.chateau-viaudiere.com\/en\/wp-json\/wp\/v2\/product_brand?post=3164"},{"taxonomy":"product_cat","embeddable":true,"href":"https:\/\/www.chateau-viaudiere.com\/en\/wp-json\/wp\/v2\/product_cat?post=3164"},{"taxonomy":"product_tag","embeddable":true,"href":"https:\/\/www.chateau-viaudiere.com\/en\/wp-json\/wp\/v2\/product_tag?post=3164"}],"curies":[{"name":"wp","href":"https:\/\/api.w.org\/{rel}","templated":true}]}}