{"id":3159,"date":"2021-06-09T10:47:15","date_gmt":"2021-06-09T08:47:15","guid":{"rendered":"http:\/\/www.new-chateau-viaudiere.zag-com.fr\/?post_type=product&#038;p=3159"},"modified":"2023-03-22T06:04:33","modified_gmt":"2023-03-22T05:04:33","slug":"pierre-blanche","status":"publish","type":"product","link":"https:\/\/www.chateau-viaudiere.com\/en\/shop\/pierre-blanche\/","title":{"rendered":"Pierre Blanche"},"content":{"rendered":"<p>Drawing inspiration from a favorite Savenni\u00e8re wine, this is our most recent creation. The grapes are hand-harvested from 20-year-old vines that sit on a very sunny plot of rocky soil on a schist and clay foundation. We work the land mechanically and maintain cover crops on every other row. Leaves are stripped and buds are pruned manually to aerate the grapes, thereby limiting disease and ensuring good concentration by the end of the ripening phase. Harvest occurred between the end of September and mid-October, with yields limited to 35 hectoliters\/ hectare. Bunches were hand-harvested with several passages in the vineyard so that only those with advanced ripeness but without botrytis were picked. The grapes were a wonderful golden tan with orange and brown reflections. Pneumatic pressing was done at low pressure, followed by alcoholic fermentation and partial malolactic fermentation. The juice matured on fine lees in French oak barrels for a minimum of 12 months before filtration and bottling. We are especially proud of our latest born! The recipient of multiple silver and gold medals in some of France\u2019s most prestigious competitions, this wine is the perfect accompaniment to the finest cuisine. We particularly recommend scallops, salt-crusted seabass, or veal with morel mushrooms.<\/p>\n","protected":false},"excerpt":{"rendered":"<p>Drawing inspiration from a favorite Savenni\u00e8re wine, this is our most recent creation. The grapes are hand-harvested from 20-year-old vines that sit on a very sunny plot of rocky soil on a schist and clay foundation.<\/p>\n","protected":false},"featured_media":2738,"comment_status":"open","ping_status":"closed","template":"","meta":{"_acf_changed":false},"product_brand":[],"product_cat":[116],"product_tag":[128],"class_list":{"0":"post-3159","1":"product","2":"type-product","3":"status-publish","4":"has-post-thumbnail","6":"product_cat-white-wines","7":"product_tag-paradisio","9":"first","10":"instock","11":"taxable","12":"shipping-taxable","13":"purchasable","14":"product-type-simple"},"group_of_quantity":6,"min_quantity":0,"max_quantity":"","exclude_order_quantity_value_rules":"no","exclude_category_quantity_rules":"no","combine_variations":"no","acf":[],"yoast_head":"<!-- This site is optimized with the Yoast SEO plugin v27.4 - https:\/\/yoast.com\/product\/yoast-seo-wordpress\/ -->\n<title>Pierre Blanche - AOP Anjou Blanc - Ch\u00e2teau de la Viaudi\u00e8re<\/title>\n<meta name=\"description\" content=\"AOP Anjou Blanc - Achetez notre cuv\u00e9e Pierre Blanche au meilleur prix sur notre boutique en ligne. Livraison offerte d\u00e8s 12 bouteilles.\" \/>\n<meta name=\"robots\" content=\"index, follow, max-snippet:-1, max-image-preview:large, max-video-preview:-1\" \/>\n<link rel=\"canonical\" href=\"https:\/\/www.chateau-viaudiere.com\/en\/shop\/pierre-blanche\/\" \/>\n<meta property=\"og:locale\" content=\"en_US\" \/>\n<meta property=\"og:type\" content=\"article\" \/>\n<meta property=\"og:title\" content=\"Pierre Blanche - AOP Anjou Blanc - Ch\u00e2teau de la Viaudi\u00e8re\" \/>\n<meta property=\"og:description\" content=\"AOP Anjou Blanc - Achetez notre cuv\u00e9e Pierre Blanche au meilleur prix sur notre boutique en ligne. Livraison offerte d\u00e8s 12 bouteilles.\" \/>\n<meta property=\"og:url\" content=\"https:\/\/www.chateau-viaudiere.com\/en\/shop\/pierre-blanche\/\" \/>\n<meta property=\"og:site_name\" content=\"Ch\u00e2teau de la Viaudi\u00e8re\" \/>\n<meta property=\"article:modified_time\" content=\"2023-03-22T05:04:33+00:00\" \/>\n<meta property=\"og:image\" content=\"https:\/\/www.chateau-viaudiere.com\/wp-content\/uploads\/2021\/06\/paradisio-packshot-pierre-blanche.png\" \/>\n\t<meta property=\"og:image:width\" content=\"600\" \/>\n\t<meta property=\"og:image:height\" content=\"600\" \/>\n\t<meta property=\"og:image:type\" content=\"image\/png\" \/>\n<meta name=\"twitter:card\" content=\"summary_large_image\" \/>\n<meta name=\"twitter:label1\" content=\"Est. reading time\" \/>\n\t<meta name=\"twitter:data1\" content=\"1 minute\" \/>\n<script type=\"application\/ld+json\" class=\"yoast-schema-graph\">{\"@context\":\"https:\\\/\\\/schema.org\",\"@graph\":[{\"@type\":\"WebPage\",\"@id\":\"https:\\\/\\\/www.chateau-viaudiere.com\\\/en\\\/shop\\\/pierre-blanche\\\/\",\"url\":\"https:\\\/\\\/www.chateau-viaudiere.com\\\/en\\\/shop\\\/pierre-blanche\\\/\",\"name\":\"Pierre Blanche - AOP Anjou Blanc - Ch\u00e2teau de la Viaudi\u00e8re\",\"isPartOf\":{\"@id\":\"https:\\\/\\\/www.chateau-viaudiere.com\\\/en\\\/#website\"},\"primaryImageOfPage\":{\"@id\":\"https:\\\/\\\/www.chateau-viaudiere.com\\\/en\\\/shop\\\/pierre-blanche\\\/#primaryimage\"},\"image\":{\"@id\":\"https:\\\/\\\/www.chateau-viaudiere.com\\\/en\\\/shop\\\/pierre-blanche\\\/#primaryimage\"},\"thumbnailUrl\":\"https:\\\/\\\/www.chateau-viaudiere.com\\\/wp-content\\\/uploads\\\/2021\\\/06\\\/paradisio-packshot-pierre-blanche.png\",\"datePublished\":\"2021-06-09T08:47:15+00:00\",\"dateModified\":\"2023-03-22T05:04:33+00:00\",\"description\":\"AOP Anjou Blanc - Achetez notre cuv\u00e9e Pierre Blanche au meilleur prix sur notre boutique en ligne. Livraison offerte d\u00e8s 12 bouteilles.\",\"breadcrumb\":{\"@id\":\"https:\\\/\\\/www.chateau-viaudiere.com\\\/en\\\/shop\\\/pierre-blanche\\\/#breadcrumb\"},\"inLanguage\":\"en-US\",\"potentialAction\":[{\"@type\":\"ReadAction\",\"target\":[\"https:\\\/\\\/www.chateau-viaudiere.com\\\/en\\\/shop\\\/pierre-blanche\\\/\"]}]},{\"@type\":\"ImageObject\",\"inLanguage\":\"en-US\",\"@id\":\"https:\\\/\\\/www.chateau-viaudiere.com\\\/en\\\/shop\\\/pierre-blanche\\\/#primaryimage\",\"url\":\"https:\\\/\\\/www.chateau-viaudiere.com\\\/wp-content\\\/uploads\\\/2021\\\/06\\\/paradisio-packshot-pierre-blanche.png\",\"contentUrl\":\"https:\\\/\\\/www.chateau-viaudiere.com\\\/wp-content\\\/uploads\\\/2021\\\/06\\\/paradisio-packshot-pierre-blanche.png\",\"width\":600,\"height\":600,\"caption\":\"Pierre Blanche - Ch\u00e2teau Viaudi\u00e8re\"},{\"@type\":\"BreadcrumbList\",\"@id\":\"https:\\\/\\\/www.chateau-viaudiere.com\\\/en\\\/shop\\\/pierre-blanche\\\/#breadcrumb\",\"itemListElement\":[{\"@type\":\"ListItem\",\"position\":1,\"name\":\"Accueil\",\"item\":\"https:\\\/\\\/www.chateau-viaudiere.com\\\/en\\\/\"},{\"@type\":\"ListItem\",\"position\":2,\"name\":\"Home\",\"item\":\"https:\\\/\\\/www.chateau-viaudiere.com\\\/en\\\/\"},{\"@type\":\"ListItem\",\"position\":3,\"name\":\"Pierre Blanche\"}]},{\"@type\":\"WebSite\",\"@id\":\"https:\\\/\\\/www.chateau-viaudiere.com\\\/en\\\/#website\",\"url\":\"https:\\\/\\\/www.chateau-viaudiere.com\\\/en\\\/\",\"name\":\"Ch\u00e2teau de la Viaudi\u00e8re\",\"description\":\"\",\"potentialAction\":[{\"@type\":\"SearchAction\",\"target\":{\"@type\":\"EntryPoint\",\"urlTemplate\":\"https:\\\/\\\/www.chateau-viaudiere.com\\\/en\\\/?s={search_term_string}\"},\"query-input\":{\"@type\":\"PropertyValueSpecification\",\"valueRequired\":true,\"valueName\":\"search_term_string\"}}],\"inLanguage\":\"en-US\"}]}<\/script>\n<!-- \/ Yoast SEO plugin. -->","yoast_head_json":{"title":"Pierre Blanche - AOP Anjou Blanc - Ch\u00e2teau de la Viaudi\u00e8re","description":"AOP Anjou Blanc - Achetez notre cuv\u00e9e Pierre Blanche au meilleur prix sur notre boutique en ligne. Livraison offerte d\u00e8s 12 bouteilles.","robots":{"index":"index","follow":"follow","max-snippet":"max-snippet:-1","max-image-preview":"max-image-preview:large","max-video-preview":"max-video-preview:-1"},"canonical":"https:\/\/www.chateau-viaudiere.com\/en\/shop\/pierre-blanche\/","og_locale":"en_US","og_type":"article","og_title":"Pierre Blanche - AOP Anjou Blanc - Ch\u00e2teau de la Viaudi\u00e8re","og_description":"AOP Anjou Blanc - Achetez notre cuv\u00e9e Pierre Blanche au meilleur prix sur notre boutique en ligne. Livraison offerte d\u00e8s 12 bouteilles.","og_url":"https:\/\/www.chateau-viaudiere.com\/en\/shop\/pierre-blanche\/","og_site_name":"Ch\u00e2teau de la Viaudi\u00e8re","article_modified_time":"2023-03-22T05:04:33+00:00","og_image":[{"width":600,"height":600,"url":"https:\/\/www.chateau-viaudiere.com\/wp-content\/uploads\/2021\/06\/paradisio-packshot-pierre-blanche.png","type":"image\/png"}],"twitter_card":"summary_large_image","twitter_misc":{"Est. reading time":"1 minute"},"schema":{"@context":"https:\/\/schema.org","@graph":[{"@type":"WebPage","@id":"https:\/\/www.chateau-viaudiere.com\/en\/shop\/pierre-blanche\/","url":"https:\/\/www.chateau-viaudiere.com\/en\/shop\/pierre-blanche\/","name":"Pierre Blanche - AOP Anjou Blanc - Ch\u00e2teau de la Viaudi\u00e8re","isPartOf":{"@id":"https:\/\/www.chateau-viaudiere.com\/en\/#website"},"primaryImageOfPage":{"@id":"https:\/\/www.chateau-viaudiere.com\/en\/shop\/pierre-blanche\/#primaryimage"},"image":{"@id":"https:\/\/www.chateau-viaudiere.com\/en\/shop\/pierre-blanche\/#primaryimage"},"thumbnailUrl":"https:\/\/www.chateau-viaudiere.com\/wp-content\/uploads\/2021\/06\/paradisio-packshot-pierre-blanche.png","datePublished":"2021-06-09T08:47:15+00:00","dateModified":"2023-03-22T05:04:33+00:00","description":"AOP Anjou Blanc - Achetez notre cuv\u00e9e Pierre Blanche au meilleur prix sur notre boutique en ligne. Livraison offerte d\u00e8s 12 bouteilles.","breadcrumb":{"@id":"https:\/\/www.chateau-viaudiere.com\/en\/shop\/pierre-blanche\/#breadcrumb"},"inLanguage":"en-US","potentialAction":[{"@type":"ReadAction","target":["https:\/\/www.chateau-viaudiere.com\/en\/shop\/pierre-blanche\/"]}]},{"@type":"ImageObject","inLanguage":"en-US","@id":"https:\/\/www.chateau-viaudiere.com\/en\/shop\/pierre-blanche\/#primaryimage","url":"https:\/\/www.chateau-viaudiere.com\/wp-content\/uploads\/2021\/06\/paradisio-packshot-pierre-blanche.png","contentUrl":"https:\/\/www.chateau-viaudiere.com\/wp-content\/uploads\/2021\/06\/paradisio-packshot-pierre-blanche.png","width":600,"height":600,"caption":"Pierre Blanche - Ch\u00e2teau Viaudi\u00e8re"},{"@type":"BreadcrumbList","@id":"https:\/\/www.chateau-viaudiere.com\/en\/shop\/pierre-blanche\/#breadcrumb","itemListElement":[{"@type":"ListItem","position":1,"name":"Accueil","item":"https:\/\/www.chateau-viaudiere.com\/en\/"},{"@type":"ListItem","position":2,"name":"Home","item":"https:\/\/www.chateau-viaudiere.com\/en\/"},{"@type":"ListItem","position":3,"name":"Pierre Blanche"}]},{"@type":"WebSite","@id":"https:\/\/www.chateau-viaudiere.com\/en\/#website","url":"https:\/\/www.chateau-viaudiere.com\/en\/","name":"Ch\u00e2teau de la Viaudi\u00e8re","description":"","potentialAction":[{"@type":"SearchAction","target":{"@type":"EntryPoint","urlTemplate":"https:\/\/www.chateau-viaudiere.com\/en\/?s={search_term_string}"},"query-input":{"@type":"PropertyValueSpecification","valueRequired":true,"valueName":"search_term_string"}}],"inLanguage":"en-US"}]}},"_links":{"self":[{"href":"https:\/\/www.chateau-viaudiere.com\/en\/wp-json\/wp\/v2\/product\/3159","targetHints":{"allow":["GET"]}}],"collection":[{"href":"https:\/\/www.chateau-viaudiere.com\/en\/wp-json\/wp\/v2\/product"}],"about":[{"href":"https:\/\/www.chateau-viaudiere.com\/en\/wp-json\/wp\/v2\/types\/product"}],"replies":[{"embeddable":true,"href":"https:\/\/www.chateau-viaudiere.com\/en\/wp-json\/wp\/v2\/comments?post=3159"}],"wp:featuredmedia":[{"embeddable":true,"href":"https:\/\/www.chateau-viaudiere.com\/en\/wp-json\/wp\/v2\/media\/2738"}],"wp:attachment":[{"href":"https:\/\/www.chateau-viaudiere.com\/en\/wp-json\/wp\/v2\/media?parent=3159"}],"wp:term":[{"taxonomy":"product_brand","embeddable":true,"href":"https:\/\/www.chateau-viaudiere.com\/en\/wp-json\/wp\/v2\/product_brand?post=3159"},{"taxonomy":"product_cat","embeddable":true,"href":"https:\/\/www.chateau-viaudiere.com\/en\/wp-json\/wp\/v2\/product_cat?post=3159"},{"taxonomy":"product_tag","embeddable":true,"href":"https:\/\/www.chateau-viaudiere.com\/en\/wp-json\/wp\/v2\/product_tag?post=3159"}],"curies":[{"name":"wp","href":"https:\/\/api.w.org\/{rel}","templated":true}]}}