{"id":3158,"date":"2021-06-09T10:45:52","date_gmt":"2021-06-09T08:45:52","guid":{"rendered":"http:\/\/www.new-chateau-viaudiere.zag-com.fr\/?post_type=product&#038;p=3158"},"modified":"2023-09-21T11:19:23","modified_gmt":"2023-09-21T09:19:23","slug":"coteaux-du-layon","status":"publish","type":"product","link":"https:\/\/www.chateau-viaudiere.com\/en\/shop\/coteaux-du-layon\/","title":{"rendered":"Coteaux du Layon"},"content":{"rendered":"<p>Following 3 successive late harvests between 15 October and 12 November, this wine comes from the 3rd and 4th passes at the beginning of November. Thanks to the action of botrytis on the Chenin grapes, which were harvested at 18 % vol., this vintage giving us a sweet wine which is soft and fruity with hints of quince, pineapple and litchi, with a touch of acidity in the aftertaste bringing a welcome note of freshness. I would recommend drinking this at the beginning of a meal to whet your appetite. It is also excellent with foie gras, and can be taken with a (not too sweet) dessert.<\/p>\n","protected":false},"excerpt":{"rendered":"<p>Following 3 successive late harvests between 15 October and 12 November, this wine comes from the 3rd and 4th passes at the beginning of November.<\/p>\n","protected":false},"featured_media":2732,"comment_status":"open","ping_status":"closed","template":"","meta":{"_acf_changed":false},"product_brand":[],"product_cat":[116],"product_tag":[127],"class_list":{"0":"post-3158","1":"product","2":"type-product","3":"status-publish","4":"has-post-thumbnail","6":"product_cat-white-wines","7":"product_tag-jardin-ete","9":"first","10":"instock","11":"taxable","12":"shipping-taxable","13":"purchasable","14":"product-type-simple"},"group_of_quantity":6,"min_quantity":0,"max_quantity":"","exclude_order_quantity_value_rules":"no","exclude_category_quantity_rules":"no","combine_variations":"no","acf":[],"yoast_head":"<!-- This site is optimized with the Yoast SEO plugin v27.4 - https:\/\/yoast.com\/product\/yoast-seo-wordpress\/ -->\n<title>Coteaux du Layon - AOP Coteaux du Layon - Ch\u00e2teau de la Viaudi\u00e8re<\/title>\n<meta name=\"description\" content=\"AOP Coteaux du Layon - Achetez notre cuv\u00e9e Coteaux du Layon au meilleur prix sur notre boutique en ligne. Livraison offerte d\u00e8s 12 bouteilles.\" \/>\n<meta name=\"robots\" content=\"index, follow, max-snippet:-1, max-image-preview:large, max-video-preview:-1\" \/>\n<link rel=\"canonical\" href=\"https:\/\/www.chateau-viaudiere.com\/en\/shop\/coteaux-du-layon\/\" \/>\n<meta property=\"og:locale\" content=\"en_US\" \/>\n<meta property=\"og:type\" content=\"article\" \/>\n<meta property=\"og:title\" content=\"Coteaux du Layon - AOP Coteaux du Layon - Ch\u00e2teau de la Viaudi\u00e8re\" \/>\n<meta property=\"og:description\" content=\"AOP Coteaux du Layon - Achetez notre cuv\u00e9e Coteaux du Layon au meilleur prix sur notre boutique en ligne. Livraison offerte d\u00e8s 12 bouteilles.\" \/>\n<meta property=\"og:url\" content=\"https:\/\/www.chateau-viaudiere.com\/en\/shop\/coteaux-du-layon\/\" \/>\n<meta property=\"og:site_name\" content=\"Ch\u00e2teau de la Viaudi\u00e8re\" \/>\n<meta property=\"article:modified_time\" content=\"2023-09-21T09:19:23+00:00\" \/>\n<meta property=\"og:image\" content=\"https:\/\/www.chateau-viaudiere.com\/wp-content\/uploads\/2021\/06\/jardindete-packshot-coteaux-layon.png\" \/>\n\t<meta property=\"og:image:width\" content=\"600\" \/>\n\t<meta property=\"og:image:height\" content=\"600\" \/>\n\t<meta property=\"og:image:type\" content=\"image\/png\" \/>\n<meta name=\"twitter:card\" content=\"summary_large_image\" \/>\n<meta name=\"twitter:label1\" content=\"Est. reading time\" \/>\n\t<meta name=\"twitter:data1\" content=\"1 minute\" \/>\n<script type=\"application\/ld+json\" class=\"yoast-schema-graph\">{\"@context\":\"https:\\\/\\\/schema.org\",\"@graph\":[{\"@type\":\"WebPage\",\"@id\":\"https:\\\/\\\/www.chateau-viaudiere.com\\\/en\\\/shop\\\/coteaux-du-layon\\\/\",\"url\":\"https:\\\/\\\/www.chateau-viaudiere.com\\\/en\\\/shop\\\/coteaux-du-layon\\\/\",\"name\":\"Coteaux du Layon - AOP Coteaux du Layon - Ch\u00e2teau de la Viaudi\u00e8re\",\"isPartOf\":{\"@id\":\"https:\\\/\\\/www.chateau-viaudiere.com\\\/en\\\/#website\"},\"primaryImageOfPage\":{\"@id\":\"https:\\\/\\\/www.chateau-viaudiere.com\\\/en\\\/shop\\\/coteaux-du-layon\\\/#primaryimage\"},\"image\":{\"@id\":\"https:\\\/\\\/www.chateau-viaudiere.com\\\/en\\\/shop\\\/coteaux-du-layon\\\/#primaryimage\"},\"thumbnailUrl\":\"https:\\\/\\\/www.chateau-viaudiere.com\\\/wp-content\\\/uploads\\\/2021\\\/06\\\/jardindete-packshot-coteaux-layon.png\",\"datePublished\":\"2021-06-09T08:45:52+00:00\",\"dateModified\":\"2023-09-21T09:19:23+00:00\",\"description\":\"AOP Coteaux du Layon - Achetez notre cuv\u00e9e Coteaux du Layon au meilleur prix sur notre boutique en ligne. Livraison offerte d\u00e8s 12 bouteilles.\",\"breadcrumb\":{\"@id\":\"https:\\\/\\\/www.chateau-viaudiere.com\\\/en\\\/shop\\\/coteaux-du-layon\\\/#breadcrumb\"},\"inLanguage\":\"en-US\",\"potentialAction\":[{\"@type\":\"ReadAction\",\"target\":[\"https:\\\/\\\/www.chateau-viaudiere.com\\\/en\\\/shop\\\/coteaux-du-layon\\\/\"]}]},{\"@type\":\"ImageObject\",\"inLanguage\":\"en-US\",\"@id\":\"https:\\\/\\\/www.chateau-viaudiere.com\\\/en\\\/shop\\\/coteaux-du-layon\\\/#primaryimage\",\"url\":\"https:\\\/\\\/www.chateau-viaudiere.com\\\/wp-content\\\/uploads\\\/2021\\\/06\\\/jardindete-packshot-coteaux-layon.png\",\"contentUrl\":\"https:\\\/\\\/www.chateau-viaudiere.com\\\/wp-content\\\/uploads\\\/2021\\\/06\\\/jardindete-packshot-coteaux-layon.png\",\"width\":600,\"height\":600,\"caption\":\"Coteaux du Layon - Ch\u00e2teau Viaudi\u00e8re\"},{\"@type\":\"BreadcrumbList\",\"@id\":\"https:\\\/\\\/www.chateau-viaudiere.com\\\/en\\\/shop\\\/coteaux-du-layon\\\/#breadcrumb\",\"itemListElement\":[{\"@type\":\"ListItem\",\"position\":1,\"name\":\"Accueil\",\"item\":\"https:\\\/\\\/www.chateau-viaudiere.com\\\/en\\\/\"},{\"@type\":\"ListItem\",\"position\":2,\"name\":\"Home\",\"item\":\"https:\\\/\\\/www.chateau-viaudiere.com\\\/en\\\/\"},{\"@type\":\"ListItem\",\"position\":3,\"name\":\"Coteaux du Layon\"}]},{\"@type\":\"WebSite\",\"@id\":\"https:\\\/\\\/www.chateau-viaudiere.com\\\/en\\\/#website\",\"url\":\"https:\\\/\\\/www.chateau-viaudiere.com\\\/en\\\/\",\"name\":\"Ch\u00e2teau de la Viaudi\u00e8re\",\"description\":\"\",\"potentialAction\":[{\"@type\":\"SearchAction\",\"target\":{\"@type\":\"EntryPoint\",\"urlTemplate\":\"https:\\\/\\\/www.chateau-viaudiere.com\\\/en\\\/?s={search_term_string}\"},\"query-input\":{\"@type\":\"PropertyValueSpecification\",\"valueRequired\":true,\"valueName\":\"search_term_string\"}}],\"inLanguage\":\"en-US\"}]}<\/script>\n<!-- \/ Yoast SEO plugin. -->","yoast_head_json":{"title":"Coteaux du Layon - AOP Coteaux du Layon - Ch\u00e2teau de la Viaudi\u00e8re","description":"AOP Coteaux du Layon - Achetez notre cuv\u00e9e Coteaux du Layon au meilleur prix sur notre boutique en ligne. Livraison offerte d\u00e8s 12 bouteilles.","robots":{"index":"index","follow":"follow","max-snippet":"max-snippet:-1","max-image-preview":"max-image-preview:large","max-video-preview":"max-video-preview:-1"},"canonical":"https:\/\/www.chateau-viaudiere.com\/en\/shop\/coteaux-du-layon\/","og_locale":"en_US","og_type":"article","og_title":"Coteaux du Layon - AOP Coteaux du Layon - Ch\u00e2teau de la Viaudi\u00e8re","og_description":"AOP Coteaux du Layon - Achetez notre cuv\u00e9e Coteaux du Layon au meilleur prix sur notre boutique en ligne. Livraison offerte d\u00e8s 12 bouteilles.","og_url":"https:\/\/www.chateau-viaudiere.com\/en\/shop\/coteaux-du-layon\/","og_site_name":"Ch\u00e2teau de la Viaudi\u00e8re","article_modified_time":"2023-09-21T09:19:23+00:00","og_image":[{"width":600,"height":600,"url":"https:\/\/www.chateau-viaudiere.com\/wp-content\/uploads\/2021\/06\/jardindete-packshot-coteaux-layon.png","type":"image\/png"}],"twitter_card":"summary_large_image","twitter_misc":{"Est. reading time":"1 minute"},"schema":{"@context":"https:\/\/schema.org","@graph":[{"@type":"WebPage","@id":"https:\/\/www.chateau-viaudiere.com\/en\/shop\/coteaux-du-layon\/","url":"https:\/\/www.chateau-viaudiere.com\/en\/shop\/coteaux-du-layon\/","name":"Coteaux du Layon - AOP Coteaux du Layon - Ch\u00e2teau de la Viaudi\u00e8re","isPartOf":{"@id":"https:\/\/www.chateau-viaudiere.com\/en\/#website"},"primaryImageOfPage":{"@id":"https:\/\/www.chateau-viaudiere.com\/en\/shop\/coteaux-du-layon\/#primaryimage"},"image":{"@id":"https:\/\/www.chateau-viaudiere.com\/en\/shop\/coteaux-du-layon\/#primaryimage"},"thumbnailUrl":"https:\/\/www.chateau-viaudiere.com\/wp-content\/uploads\/2021\/06\/jardindete-packshot-coteaux-layon.png","datePublished":"2021-06-09T08:45:52+00:00","dateModified":"2023-09-21T09:19:23+00:00","description":"AOP Coteaux du Layon - Achetez notre cuv\u00e9e Coteaux du Layon au meilleur prix sur notre boutique en ligne. Livraison offerte d\u00e8s 12 bouteilles.","breadcrumb":{"@id":"https:\/\/www.chateau-viaudiere.com\/en\/shop\/coteaux-du-layon\/#breadcrumb"},"inLanguage":"en-US","potentialAction":[{"@type":"ReadAction","target":["https:\/\/www.chateau-viaudiere.com\/en\/shop\/coteaux-du-layon\/"]}]},{"@type":"ImageObject","inLanguage":"en-US","@id":"https:\/\/www.chateau-viaudiere.com\/en\/shop\/coteaux-du-layon\/#primaryimage","url":"https:\/\/www.chateau-viaudiere.com\/wp-content\/uploads\/2021\/06\/jardindete-packshot-coteaux-layon.png","contentUrl":"https:\/\/www.chateau-viaudiere.com\/wp-content\/uploads\/2021\/06\/jardindete-packshot-coteaux-layon.png","width":600,"height":600,"caption":"Coteaux du Layon - Ch\u00e2teau Viaudi\u00e8re"},{"@type":"BreadcrumbList","@id":"https:\/\/www.chateau-viaudiere.com\/en\/shop\/coteaux-du-layon\/#breadcrumb","itemListElement":[{"@type":"ListItem","position":1,"name":"Accueil","item":"https:\/\/www.chateau-viaudiere.com\/en\/"},{"@type":"ListItem","position":2,"name":"Home","item":"https:\/\/www.chateau-viaudiere.com\/en\/"},{"@type":"ListItem","position":3,"name":"Coteaux du Layon"}]},{"@type":"WebSite","@id":"https:\/\/www.chateau-viaudiere.com\/en\/#website","url":"https:\/\/www.chateau-viaudiere.com\/en\/","name":"Ch\u00e2teau de la Viaudi\u00e8re","description":"","potentialAction":[{"@type":"SearchAction","target":{"@type":"EntryPoint","urlTemplate":"https:\/\/www.chateau-viaudiere.com\/en\/?s={search_term_string}"},"query-input":{"@type":"PropertyValueSpecification","valueRequired":true,"valueName":"search_term_string"}}],"inLanguage":"en-US"}]}},"_links":{"self":[{"href":"https:\/\/www.chateau-viaudiere.com\/en\/wp-json\/wp\/v2\/product\/3158","targetHints":{"allow":["GET"]}}],"collection":[{"href":"https:\/\/www.chateau-viaudiere.com\/en\/wp-json\/wp\/v2\/product"}],"about":[{"href":"https:\/\/www.chateau-viaudiere.com\/en\/wp-json\/wp\/v2\/types\/product"}],"replies":[{"embeddable":true,"href":"https:\/\/www.chateau-viaudiere.com\/en\/wp-json\/wp\/v2\/comments?post=3158"}],"wp:featuredmedia":[{"embeddable":true,"href":"https:\/\/www.chateau-viaudiere.com\/en\/wp-json\/wp\/v2\/media\/2732"}],"wp:attachment":[{"href":"https:\/\/www.chateau-viaudiere.com\/en\/wp-json\/wp\/v2\/media?parent=3158"}],"wp:term":[{"taxonomy":"product_brand","embeddable":true,"href":"https:\/\/www.chateau-viaudiere.com\/en\/wp-json\/wp\/v2\/product_brand?post=3158"},{"taxonomy":"product_cat","embeddable":true,"href":"https:\/\/www.chateau-viaudiere.com\/en\/wp-json\/wp\/v2\/product_cat?post=3158"},{"taxonomy":"product_tag","embeddable":true,"href":"https:\/\/www.chateau-viaudiere.com\/en\/wp-json\/wp\/v2\/product_tag?post=3158"}],"curies":[{"name":"wp","href":"https:\/\/api.w.org\/{rel}","templated":true}]}}