{"id":3103,"date":"2021-05-04T17:56:44","date_gmt":"2021-05-04T15:56:44","guid":{"rendered":"http:\/\/www.new-chateau-viaudiere.zag-com.fr\/?post_type=product&#038;p=3103"},"modified":"2021-11-22T17:24:39","modified_gmt":"2021-11-22T16:24:39","slug":"wine-by-subscription","status":"publish","type":"product","link":"https:\/\/www.chateau-viaudiere.com\/en\/shop\/wine-by-subscription\/","title":{"rendered":"Wine by subscription"},"content":{"rendered":"<div class=\"sub-article-line center\">\n<div class=\"sub-article-line center\">Offer a box of 2 or 3 bottles, 3 or 4 times a year according to your desires and your budget.<br \/>\nA gift idea that is always a pleasure with one of our 14 bottles of PDO \/ IGP and natural grape juice.<\/div>\n<\/div>\n","protected":false},"excerpt":{"rendered":"<p>Offer a box of 2 or 3 bottles, 3 or 4 times a year according to your desires and your budget. A gift idea that is always a pleasure with one of our 14 bottles of PDO \/ IGP and natural grape juice.<\/p>\n","protected":false},"featured_media":2903,"comment_status":"open","ping_status":"closed","template":"","meta":{"_acf_changed":false},"product_brand":[],"product_cat":[118],"product_tag":[],"class_list":{"0":"post-3103","1":"product","2":"type-product","3":"status-publish","4":"has-post-thumbnail","6":"product_cat-wine-tourism","8":"first","9":"instock","10":"taxable","11":"shipping-taxable","12":"purchasable","13":"product-type-variable","14":"has-default-attributes"},"group_of_quantity":0,"min_quantity":0,"max_quantity":"","exclude_order_quantity_value_rules":"no","exclude_category_quantity_rules":"no","combine_variations":"no","acf":[],"yoast_head":"<!-- This site is optimized with the Yoast SEO plugin v27.4 - https:\/\/yoast.com\/product\/yoast-seo-wordpress\/ -->\n<title>Wine by subscription - Ch\u00e2teau de la Viaudi\u00e8re<\/title>\n<meta name=\"description\" content=\"- Achetez notre cuv\u00e9e Wine by subscription au meilleur prix sur notre boutique en ligne. Livraison offerte d\u00e8s 12 bouteilles.\" \/>\n<meta name=\"robots\" content=\"index, follow, max-snippet:-1, max-image-preview:large, max-video-preview:-1\" \/>\n<link rel=\"canonical\" href=\"https:\/\/www.chateau-viaudiere.com\/en\/shop\/wine-by-subscription\/\" \/>\n<meta property=\"og:locale\" content=\"en_US\" \/>\n<meta property=\"og:type\" content=\"article\" \/>\n<meta property=\"og:title\" content=\"Wine by subscription - Ch\u00e2teau de la Viaudi\u00e8re\" \/>\n<meta property=\"og:description\" content=\"- Achetez notre cuv\u00e9e Wine by subscription au meilleur prix sur notre boutique en ligne. Livraison offerte d\u00e8s 12 bouteilles.\" \/>\n<meta property=\"og:url\" content=\"https:\/\/www.chateau-viaudiere.com\/en\/shop\/wine-by-subscription\/\" \/>\n<meta property=\"og:site_name\" content=\"Ch\u00e2teau de la Viaudi\u00e8re\" \/>\n<meta property=\"article:modified_time\" content=\"2021-11-22T16:24:39+00:00\" \/>\n<meta property=\"og:image\" content=\"https:\/\/www.chateau-viaudiere.com\/wp-content\/uploads\/2021\/05\/oenotourisme-btls-coffret.png\" \/>\n\t<meta property=\"og:image:width\" content=\"1000\" \/>\n\t<meta property=\"og:image:height\" content=\"1000\" \/>\n\t<meta property=\"og:image:type\" content=\"image\/png\" \/>\n<meta name=\"twitter:card\" content=\"summary_large_image\" \/>\n<meta name=\"twitter:label1\" content=\"Est. reading time\" \/>\n\t<meta name=\"twitter:data1\" content=\"1 minute\" \/>\n<script type=\"application\/ld+json\" class=\"yoast-schema-graph\">{\"@context\":\"https:\\\/\\\/schema.org\",\"@graph\":[{\"@type\":\"WebPage\",\"@id\":\"https:\\\/\\\/www.chateau-viaudiere.com\\\/en\\\/shop\\\/wine-by-subscription\\\/\",\"url\":\"https:\\\/\\\/www.chateau-viaudiere.com\\\/en\\\/shop\\\/wine-by-subscription\\\/\",\"name\":\"Wine by subscription - Ch\u00e2teau de la Viaudi\u00e8re\",\"isPartOf\":{\"@id\":\"https:\\\/\\\/www.chateau-viaudiere.com\\\/en\\\/#website\"},\"primaryImageOfPage\":{\"@id\":\"https:\\\/\\\/www.chateau-viaudiere.com\\\/en\\\/shop\\\/wine-by-subscription\\\/#primaryimage\"},\"image\":{\"@id\":\"https:\\\/\\\/www.chateau-viaudiere.com\\\/en\\\/shop\\\/wine-by-subscription\\\/#primaryimage\"},\"thumbnailUrl\":\"https:\\\/\\\/www.chateau-viaudiere.com\\\/wp-content\\\/uploads\\\/2021\\\/05\\\/oenotourisme-btls-coffret.png\",\"datePublished\":\"2021-05-04T15:56:44+00:00\",\"dateModified\":\"2021-11-22T16:24:39+00:00\",\"description\":\"- Achetez notre cuv\u00e9e Wine by subscription au meilleur prix sur notre boutique en ligne. Livraison offerte d\u00e8s 12 bouteilles.\",\"breadcrumb\":{\"@id\":\"https:\\\/\\\/www.chateau-viaudiere.com\\\/en\\\/shop\\\/wine-by-subscription\\\/#breadcrumb\"},\"inLanguage\":\"en-US\",\"potentialAction\":[{\"@type\":\"ReadAction\",\"target\":[\"https:\\\/\\\/www.chateau-viaudiere.com\\\/en\\\/shop\\\/wine-by-subscription\\\/\"]}]},{\"@type\":\"ImageObject\",\"inLanguage\":\"en-US\",\"@id\":\"https:\\\/\\\/www.chateau-viaudiere.com\\\/en\\\/shop\\\/wine-by-subscription\\\/#primaryimage\",\"url\":\"https:\\\/\\\/www.chateau-viaudiere.com\\\/wp-content\\\/uploads\\\/2021\\\/05\\\/oenotourisme-btls-coffret.png\",\"contentUrl\":\"https:\\\/\\\/www.chateau-viaudiere.com\\\/wp-content\\\/uploads\\\/2021\\\/05\\\/oenotourisme-btls-coffret.png\",\"width\":1000,\"height\":1000,\"caption\":\"Le vin par abonnement\"},{\"@type\":\"BreadcrumbList\",\"@id\":\"https:\\\/\\\/www.chateau-viaudiere.com\\\/en\\\/shop\\\/wine-by-subscription\\\/#breadcrumb\",\"itemListElement\":[{\"@type\":\"ListItem\",\"position\":1,\"name\":\"Accueil\",\"item\":\"https:\\\/\\\/www.chateau-viaudiere.com\\\/en\\\/\"},{\"@type\":\"ListItem\",\"position\":2,\"name\":\"Home\",\"item\":\"https:\\\/\\\/www.chateau-viaudiere.com\\\/en\\\/\"},{\"@type\":\"ListItem\",\"position\":3,\"name\":\"Wine by subscription\"}]},{\"@type\":\"WebSite\",\"@id\":\"https:\\\/\\\/www.chateau-viaudiere.com\\\/en\\\/#website\",\"url\":\"https:\\\/\\\/www.chateau-viaudiere.com\\\/en\\\/\",\"name\":\"Ch\u00e2teau de la Viaudi\u00e8re\",\"description\":\"\",\"potentialAction\":[{\"@type\":\"SearchAction\",\"target\":{\"@type\":\"EntryPoint\",\"urlTemplate\":\"https:\\\/\\\/www.chateau-viaudiere.com\\\/en\\\/?s={search_term_string}\"},\"query-input\":{\"@type\":\"PropertyValueSpecification\",\"valueRequired\":true,\"valueName\":\"search_term_string\"}}],\"inLanguage\":\"en-US\"}]}<\/script>\n<!-- \/ Yoast SEO plugin. -->","yoast_head_json":{"title":"Wine by subscription - Ch\u00e2teau de la Viaudi\u00e8re","description":"- Achetez notre cuv\u00e9e Wine by subscription au meilleur prix sur notre boutique en ligne. Livraison offerte d\u00e8s 12 bouteilles.","robots":{"index":"index","follow":"follow","max-snippet":"max-snippet:-1","max-image-preview":"max-image-preview:large","max-video-preview":"max-video-preview:-1"},"canonical":"https:\/\/www.chateau-viaudiere.com\/en\/shop\/wine-by-subscription\/","og_locale":"en_US","og_type":"article","og_title":"Wine by subscription - Ch\u00e2teau de la Viaudi\u00e8re","og_description":"- Achetez notre cuv\u00e9e Wine by subscription au meilleur prix sur notre boutique en ligne. Livraison offerte d\u00e8s 12 bouteilles.","og_url":"https:\/\/www.chateau-viaudiere.com\/en\/shop\/wine-by-subscription\/","og_site_name":"Ch\u00e2teau de la Viaudi\u00e8re","article_modified_time":"2021-11-22T16:24:39+00:00","og_image":[{"width":1000,"height":1000,"url":"https:\/\/www.chateau-viaudiere.com\/wp-content\/uploads\/2021\/05\/oenotourisme-btls-coffret.png","type":"image\/png"}],"twitter_card":"summary_large_image","twitter_misc":{"Est. reading time":"1 minute"},"schema":{"@context":"https:\/\/schema.org","@graph":[{"@type":"WebPage","@id":"https:\/\/www.chateau-viaudiere.com\/en\/shop\/wine-by-subscription\/","url":"https:\/\/www.chateau-viaudiere.com\/en\/shop\/wine-by-subscription\/","name":"Wine by subscription - Ch\u00e2teau de la Viaudi\u00e8re","isPartOf":{"@id":"https:\/\/www.chateau-viaudiere.com\/en\/#website"},"primaryImageOfPage":{"@id":"https:\/\/www.chateau-viaudiere.com\/en\/shop\/wine-by-subscription\/#primaryimage"},"image":{"@id":"https:\/\/www.chateau-viaudiere.com\/en\/shop\/wine-by-subscription\/#primaryimage"},"thumbnailUrl":"https:\/\/www.chateau-viaudiere.com\/wp-content\/uploads\/2021\/05\/oenotourisme-btls-coffret.png","datePublished":"2021-05-04T15:56:44+00:00","dateModified":"2021-11-22T16:24:39+00:00","description":"- Achetez notre cuv\u00e9e Wine by subscription au meilleur prix sur notre boutique en ligne. Livraison offerte d\u00e8s 12 bouteilles.","breadcrumb":{"@id":"https:\/\/www.chateau-viaudiere.com\/en\/shop\/wine-by-subscription\/#breadcrumb"},"inLanguage":"en-US","potentialAction":[{"@type":"ReadAction","target":["https:\/\/www.chateau-viaudiere.com\/en\/shop\/wine-by-subscription\/"]}]},{"@type":"ImageObject","inLanguage":"en-US","@id":"https:\/\/www.chateau-viaudiere.com\/en\/shop\/wine-by-subscription\/#primaryimage","url":"https:\/\/www.chateau-viaudiere.com\/wp-content\/uploads\/2021\/05\/oenotourisme-btls-coffret.png","contentUrl":"https:\/\/www.chateau-viaudiere.com\/wp-content\/uploads\/2021\/05\/oenotourisme-btls-coffret.png","width":1000,"height":1000,"caption":"Le vin par abonnement"},{"@type":"BreadcrumbList","@id":"https:\/\/www.chateau-viaudiere.com\/en\/shop\/wine-by-subscription\/#breadcrumb","itemListElement":[{"@type":"ListItem","position":1,"name":"Accueil","item":"https:\/\/www.chateau-viaudiere.com\/en\/"},{"@type":"ListItem","position":2,"name":"Home","item":"https:\/\/www.chateau-viaudiere.com\/en\/"},{"@type":"ListItem","position":3,"name":"Wine by subscription"}]},{"@type":"WebSite","@id":"https:\/\/www.chateau-viaudiere.com\/en\/#website","url":"https:\/\/www.chateau-viaudiere.com\/en\/","name":"Ch\u00e2teau de la Viaudi\u00e8re","description":"","potentialAction":[{"@type":"SearchAction","target":{"@type":"EntryPoint","urlTemplate":"https:\/\/www.chateau-viaudiere.com\/en\/?s={search_term_string}"},"query-input":{"@type":"PropertyValueSpecification","valueRequired":true,"valueName":"search_term_string"}}],"inLanguage":"en-US"}]}},"_links":{"self":[{"href":"https:\/\/www.chateau-viaudiere.com\/en\/wp-json\/wp\/v2\/product\/3103","targetHints":{"allow":["GET"]}}],"collection":[{"href":"https:\/\/www.chateau-viaudiere.com\/en\/wp-json\/wp\/v2\/product"}],"about":[{"href":"https:\/\/www.chateau-viaudiere.com\/en\/wp-json\/wp\/v2\/types\/product"}],"replies":[{"embeddable":true,"href":"https:\/\/www.chateau-viaudiere.com\/en\/wp-json\/wp\/v2\/comments?post=3103"}],"wp:featuredmedia":[{"embeddable":true,"href":"https:\/\/www.chateau-viaudiere.com\/en\/wp-json\/wp\/v2\/media\/2903"}],"wp:attachment":[{"href":"https:\/\/www.chateau-viaudiere.com\/en\/wp-json\/wp\/v2\/media?parent=3103"}],"wp:term":[{"taxonomy":"product_brand","embeddable":true,"href":"https:\/\/www.chateau-viaudiere.com\/en\/wp-json\/wp\/v2\/product_brand?post=3103"},{"taxonomy":"product_cat","embeddable":true,"href":"https:\/\/www.chateau-viaudiere.com\/en\/wp-json\/wp\/v2\/product_cat?post=3103"},{"taxonomy":"product_tag","embeddable":true,"href":"https:\/\/www.chateau-viaudiere.com\/en\/wp-json\/wp\/v2\/product_tag?post=3103"}],"curies":[{"name":"wp","href":"https:\/\/api.w.org\/{rel}","templated":true}]}}