{"id":3011,"date":"2015-08-12T14:37:01","date_gmt":"2015-08-12T12:37:01","guid":{"rendered":"http:\/\/www.new-chateau-viaudiere.zag-com.fr\/contact\/"},"modified":"2024-07-12T09:03:59","modified_gmt":"2024-07-12T07:03:59","slug":"contact-us","status":"publish","type":"page","link":"https:\/\/www.chateau-viaudiere.com\/en\/contact-us\/","title":{"rendered":"Contact us"},"content":{"rendered":"\t\t<div data-elementor-type=\"wp-page\" data-elementor-id=\"3011\" class=\"elementor elementor-3011 elementor-545\">\n\t\t\t\t\t\t<section class=\"elementor-section elementor-top-section elementor-element elementor-element-9a05a35 elementor-section-boxed elementor-section-height-default elementor-section-height-default\" data-id=\"9a05a35\" data-element_type=\"section\" data-e-type=\"section\">\n\t\t\t\t\t\t<div class=\"elementor-container elementor-column-gap-extended\">\n\t\t\t\t\t<div class=\"elementor-column elementor-col-100 elementor-top-column elementor-element elementor-element-8bc332c\" data-id=\"8bc332c\" data-element_type=\"column\" data-e-type=\"column\">\n\t\t\t<div class=\"elementor-widget-wrap elementor-element-populated\">\n\t\t\t\t\t\t<div class=\"elementor-element elementor-element-ac5a0b2 elementor-widget elementor-widget-image\" data-id=\"ac5a0b2\" data-element_type=\"widget\" data-e-type=\"widget\" data-widget_type=\"image.default\">\n\t\t\t\t<div class=\"elementor-widget-container\">\n\t\t\t\t\t\t\t\t\t\t\t\t\t\t\t<img decoding=\"async\" src=\"http:\/\/www.new-chateau-viaudiere.zag-com.fr\/wp-content\/uploads\/2021\/08\/header_contact.jpg\" title=\"\" alt=\"\" loading=\"lazy\" \/>\t\t\t\t\t\t\t\t\t\t\t\t\t\t\t<\/div>\n\t\t\t\t<\/div>\n\t\t\t\t<div class=\"elementor-element elementor-element-a880923 elementor-widget elementor-widget-heading\" data-id=\"a880923\" data-element_type=\"widget\" data-e-type=\"widget\" data-widget_type=\"heading.default\">\n\t\t\t\t<div class=\"elementor-widget-container\">\n\t\t\t\t\t<h1 class=\"elementor-heading-title elementor-size-default\">Contact us<\/h1>\t\t\t\t<\/div>\n\t\t\t\t<\/div>\n\t\t\t\t\t<\/div>\n\t\t<\/div>\n\t\t\t\t\t<\/div>\n\t\t<\/section>\n\t\t\t\t<section class=\"elementor-section elementor-top-section elementor-element elementor-element-1c50dea section-contact elementor-section-boxed elementor-section-height-default elementor-section-height-default\" data-id=\"1c50dea\" data-element_type=\"section\" data-e-type=\"section\">\n\t\t\t\t\t\t<div class=\"elementor-container elementor-column-gap-default\">\n\t\t\t\t\t<div class=\"elementor-column elementor-col-50 elementor-top-column elementor-element elementor-element-8caa52c\" data-id=\"8caa52c\" data-element_type=\"column\" data-e-type=\"column\">\n\t\t\t<div class=\"elementor-widget-wrap elementor-element-populated\">\n\t\t\t\t\t\t<div class=\"elementor-element elementor-element-88f0b29 elementor-widget elementor-widget-heading\" data-id=\"88f0b29\" data-element_type=\"widget\" data-e-type=\"widget\" data-widget_type=\"heading.default\">\n\t\t\t\t<div class=\"elementor-widget-container\">\n\t\t\t\t\t<h2 class=\"elementor-heading-title elementor-size-default\">Address<\/h2>\t\t\t\t<\/div>\n\t\t\t\t<\/div>\n\t\t\t\t<div class=\"elementor-element elementor-element-a7b62bf elementor-widget elementor-widget-text-editor\" data-id=\"a7b62bf\" data-element_type=\"widget\" data-e-type=\"widget\" data-widget_type=\"text-editor.default\">\n\t\t\t\t<div class=\"elementor-widget-container\">\n\t\t\t\t\t\t\t\t\t<p style=\"text-align: center;\">Ch\u00e2teau de la Viaudi\u00e8re<br \/>49380 Champ sur Layon<\/p><p style=\"text-align: center;\">Enter &#8220;Ch\u00e2teau de la Viaudi\u00e8re&#8221; in your browser application to come and meet us quickly!<\/p>\t\t\t\t\t\t\t\t<\/div>\n\t\t\t\t<\/div>\n\t\t\t\t\t<\/div>\n\t\t<\/div>\n\t\t\t\t<div class=\"elementor-column elementor-col-50 elementor-top-column elementor-element elementor-element-32fb153\" data-id=\"32fb153\" data-element_type=\"column\" data-e-type=\"column\">\n\t\t\t<div class=\"elementor-widget-wrap elementor-element-populated\">\n\t\t\t\t\t\t<div class=\"elementor-element elementor-element-26440a4 elementor-widget elementor-widget-heading\" data-id=\"26440a4\" data-element_type=\"widget\" data-e-type=\"widget\" data-widget_type=\"heading.default\">\n\t\t\t\t<div class=\"elementor-widget-container\">\n\t\t\t\t\t<h2 class=\"elementor-heading-title elementor-size-default\">Contact<\/h2>\t\t\t\t<\/div>\n\t\t\t\t<\/div>\n\t\t\t\t<div class=\"elementor-element elementor-element-5785438 elementor-widget elementor-widget-text-editor\" data-id=\"5785438\" data-element_type=\"widget\" data-e-type=\"widget\" data-widget_type=\"text-editor.default\">\n\t\t\t\t<div class=\"elementor-widget-container\">\n\t\t\t\t\t\t\t\t\t<p style=\"text-align: center;\">Agn\u00e8s Giovannoni :\u00a0<a href=\"mailto:agnes@chateauviaudiere.com\">agnes@chateauviaudiere.com<\/a> &#8211; <a href=\"javascript:IGbTqtapw20KXe17gDZ('E6=iZbbefe`fegdb');\"><span class=\"_0qeotp__\">35&#x2e;86&#x2e;71&#x2e;67&#x2e;60<\/span><\/a><br>Pierre-Antoine Giovannoni :\u00a0<a href=\"mailto:pierre_antoine@chateauviaudiere.com\">pierre_antoine@chateauviaudiere.com<\/a> &#8211; <a href=\"javascript:IGbTqtapw20KXe17gDZ('E6=iZbbea_deebah');\"><span class=\"_0qeotp__\">92&#x2e;36&#x2e;65&#x2e;02&#x2e;60<\/span><\/a><\/p>\t\t\t\t\t\t\t\t<\/div>\n\t\t\t\t<\/div>\n\t\t\t\t\t<\/div>\n\t\t<\/div>\n\t\t\t\t\t<\/div>\n\t\t<\/section>\n\t\t\t\t<section class=\"elementor-section elementor-top-section elementor-element elementor-element-6422498 form-contact elementor-section-boxed elementor-section-height-default elementor-section-height-default\" data-id=\"6422498\" data-element_type=\"section\" data-e-type=\"section\">\n\t\t\t\t\t\t<div class=\"elementor-container elementor-column-gap-default\">\n\t\t\t\t\t<div class=\"elementor-column elementor-col-50 elementor-top-column elementor-element elementor-element-7bc3a9f\" data-id=\"7bc3a9f\" data-element_type=\"column\" data-e-type=\"column\">\n\t\t\t<div class=\"elementor-widget-wrap elementor-element-populated\">\n\t\t\t\t\t\t<div class=\"elementor-element elementor-element-cee1bbb elementor-widget elementor-widget-nm-cf7\" data-id=\"cee1bbb\" data-element_type=\"widget\" data-e-type=\"widget\" data-widget_type=\"nm-cf7.default\">\n\t\t\t\t<div class=\"elementor-widget-container\">\n\t\t\t\t\t\n<div class=\"wpcf7 no-js\" id=\"wpcf7-f3017-o1\" lang=\"en-US\" dir=\"ltr\" data-wpcf7-id=\"3017\">\n<div class=\"screen-reader-response\"><p role=\"status\" aria-live=\"polite\" aria-atomic=\"true\"><\/p> <ul><\/ul><\/div>\n<form action=\"\/en\/wp-json\/wp\/v2\/pages\/3011#wpcf7-f3017-o1\" method=\"post\" class=\"wpcf7-form init\" aria-label=\"Contact form\" novalidate=\"novalidate\" data-status=\"init\">\n<fieldset class=\"hidden-fields-container\"><input type=\"hidden\" name=\"_wpcf7\" value=\"3017\" \/><input type=\"hidden\" name=\"_wpcf7_version\" value=\"6.1.5\" \/><input type=\"hidden\" name=\"_wpcf7_locale\" value=\"en_US\" \/><input type=\"hidden\" name=\"_wpcf7_unit_tag\" value=\"wpcf7-f3017-o1\" \/><input type=\"hidden\" name=\"_wpcf7_container_post\" value=\"0\" \/><input type=\"hidden\" name=\"_wpcf7_posted_data_hash\" value=\"\" \/>\n<\/fieldset>\n<p class=\"half\"><label>Name*<br \/>\n<span class=\"wpcf7-form-control-wrap\" data-name=\"your-name\"><input size=\"40\" maxlength=\"400\" class=\"wpcf7-form-control wpcf7-text wpcf7-validates-as-required\" aria-required=\"true\" aria-invalid=\"false\" value=\"\" type=\"text\" name=\"your-name\" \/><\/span><\/label>\n<\/p>\n<p class=\"half\"><label>Email*<br \/>\n<span class=\"wpcf7-form-control-wrap\" data-name=\"your-email\"><input size=\"40\" maxlength=\"400\" class=\"wpcf7-form-control wpcf7-email wpcf7-validates-as-required wpcf7-text wpcf7-validates-as-email\" aria-required=\"true\" aria-invalid=\"false\" value=\"\" type=\"email\" name=\"your-email\" \/><\/span><\/label>\n<\/p>\n<p><label>Subject*<br \/>\n<span class=\"wpcf7-form-control-wrap\" data-name=\"your-subject\"><select class=\"wpcf7-form-control wpcf7-select wpcf7-validates-as-required\" aria-required=\"true\" aria-invalid=\"false\" name=\"your-subject\"><option value=\"\">&#8212;Please choose an option&#8212;<\/option><option value=\"Demande de tarif\">Demande de tarif<\/option><option value=\"Demande de r\u00e9servation\">Demande de r\u00e9servation<\/option><option value=\"Visites\">Visites<\/option><option value=\"Commandes\">Commandes<\/option><option value=\"Autres\">Autres<\/option><\/select><\/span><\/label>\n<\/p>\n<p><label>Your message*<br \/>\n<span class=\"wpcf7-form-control-wrap\" data-name=\"your-message\"><textarea cols=\"40\" rows=\"10\" maxlength=\"2000\" class=\"wpcf7-form-control wpcf7-textarea\" aria-invalid=\"false\" name=\"your-message\"><\/textarea><\/span><\/label>\n<\/p>\n<p><input class=\"wpcf7-form-control wpcf7-submit has-spinner\" type=\"submit\" value=\"Send\" \/>\n<\/p><input\n                    class=\"apbct_special_field apbct_email_id__wp_contact_form_7\"\n                    name=\"apbct__email_id__wp_contact_form_7\"\n                    aria-label=\"apbct__label_id__wp_contact_form_7\"\n                    type=\"text\" size=\"30\" maxlength=\"200\" autocomplete=\"off\"\n                    value=\"\"\n                \/><input type='hidden' class='wpcf7-pum' value='{\"closepopup\":false,\"closedelay\":0,\"openpopup\":false,\"openpopup_id\":0}' \/><div class=\"wpcf7-response-output\" aria-hidden=\"true\"><\/div>\n<input\n                    class=\"apbct_special_field apbct_email_id__elementor_form\"\n                    name=\"apbct__email_id__elementor_form\"\n                    aria-label=\"apbct__label_id__elementor_form\"\n                    type=\"text\" size=\"30\" maxlength=\"200\" autocomplete=\"off\"\n                    value=\"\"\n                \/><\/form>\n<\/div>\n\t\t\t\t<\/div>\n\t\t\t\t<\/div>\n\t\t\t\t\t<\/div>\n\t\t<\/div>\n\t\t\t\t<div class=\"elementor-column elementor-col-50 elementor-top-column elementor-element elementor-element-df8ad62\" data-id=\"df8ad62\" data-element_type=\"column\" data-e-type=\"column\">\n\t\t\t<div class=\"elementor-widget-wrap elementor-element-populated\">\n\t\t\t\t\t\t<div class=\"elementor-element elementor-element-d7d6b37 elementor-widget elementor-widget-google_maps\" data-id=\"d7d6b37\" data-element_type=\"widget\" data-e-type=\"widget\" data-widget_type=\"google_maps.default\">\n\t\t\t\t<div class=\"elementor-widget-container\">\n\t\t\t\t\t\t\t<div class=\"elementor-custom-embed\">\n\t\t\t<iframe loading=\"lazy\"\n\t\t\t\t\tsrc=\"https:\/\/maps.google.com\/maps?q=49380%20Champ%20sur%20Layon%20France%20Ch%C3%A2teau%20de%20la%20Viaudi%C3%A8re&#038;t=m&#038;z=11&#038;output=embed&#038;iwloc=near\"\n\t\t\t\t\ttitle=\"49380 Champ sur Layon France Ch\u00e2teau de la Viaudi\u00e8re\"\n\t\t\t\t\taria-label=\"49380 Champ sur Layon France Ch\u00e2teau de la Viaudi\u00e8re\"\n\t\t\t><\/iframe>\n\t\t<\/div>\n\t\t\t\t\t\t<\/div>\n\t\t\t\t<\/div>\n\t\t\t\t\t<\/div>\n\t\t<\/div>\n\t\t\t\t\t<\/div>\n\t\t<\/section>\n\t\t\t\t<\/div>\n\t\t","protected":false},"excerpt":{"rendered":"<p>Contact us Address Ch\u00e2teau de la Viaudi\u00e8re49380 Champ sur Layon Enter &#8220;Ch\u00e2teau de la Viaudi\u00e8re&#8221; in your browser application to come and meet us quickly! Contact Agn\u00e8s Giovannoni :\u00a0agnes@chateauviaudiere.com &#8211; Pierre-Antoine Giovannoni :\u00a0pierre_antoine@chateauviaudiere.com &#8211; Name* Email* Subject* &#8212;Veuillez choisir une option&#8212;Demande de tarifDemande de r\u00e9servationVisitesCommandesAutres Your message*<\/p>\n","protected":false},"author":1,"featured_media":0,"parent":0,"menu_order":0,"comment_status":"closed","ping_status":"closed","template":"","meta":{"_acf_changed":false,"footnotes":""},"class_list":["post-3011","page","type-page","status-publish","hentry"],"acf":[],"yoast_head":"<!-- This site is optimized with the Yoast SEO plugin v27.4 - https:\/\/yoast.com\/product\/yoast-seo-wordpress\/ -->\n<title>Contact us - Ch\u00e2teau de la Viaudi\u00e8re<\/title>\n<meta name=\"robots\" content=\"index, follow, max-snippet:-1, max-image-preview:large, max-video-preview:-1\" \/>\n<link rel=\"canonical\" href=\"https:\/\/www.chateau-viaudiere.com\/en\/contact-us\/\" \/>\n<meta property=\"og:locale\" content=\"en_US\" \/>\n<meta property=\"og:type\" content=\"article\" \/>\n<meta property=\"og:title\" content=\"Contact us - Ch\u00e2teau de la Viaudi\u00e8re\" \/>\n<meta property=\"og:description\" content=\"Contact us Address Ch\u00e2teau de la Viaudi\u00e8re49380 Champ sur Layon Enter &#8220;Ch\u00e2teau de la Viaudi\u00e8re&#8221; in your browser application to come and meet us quickly! Contact Agn\u00e8s Giovannoni :\u00a0agnes@chateauviaudiere.com &#8211; Pierre-Antoine Giovannoni :\u00a0pierre_antoine@chateauviaudiere.com &#8211; Name* Email* Subject* &#8212;Veuillez choisir une option&#8212;Demande de tarifDemande de r\u00e9servationVisitesCommandesAutres Your message*\" \/>\n<meta property=\"og:url\" content=\"https:\/\/www.chateau-viaudiere.com\/en\/contact-us\/\" \/>\n<meta property=\"og:site_name\" content=\"Ch\u00e2teau de la Viaudi\u00e8re\" \/>\n<meta property=\"article:modified_time\" content=\"2024-07-12T07:03:59+00:00\" \/>\n<meta property=\"og:image\" content=\"https:\/\/www.chateau-viaudiere.com\/wp-content\/uploads\/2021\/08\/header_contact.jpg\" \/>\n<meta name=\"twitter:card\" content=\"summary_large_image\" \/>\n<meta name=\"twitter:label1\" content=\"Est. reading time\" \/>\n\t<meta name=\"twitter:data1\" content=\"1 minute\" \/>\n<script type=\"application\/ld+json\" class=\"yoast-schema-graph\">{\"@context\":\"https:\\\/\\\/schema.org\",\"@graph\":[{\"@type\":\"WebPage\",\"@id\":\"https:\\\/\\\/www.chateau-viaudiere.com\\\/en\\\/contact-us\\\/\",\"url\":\"https:\\\/\\\/www.chateau-viaudiere.com\\\/en\\\/contact-us\\\/\",\"name\":\"Contact us - Ch\u00e2teau de la Viaudi\u00e8re\",\"isPartOf\":{\"@id\":\"https:\\\/\\\/www.chateau-viaudiere.com\\\/en\\\/#website\"},\"primaryImageOfPage\":{\"@id\":\"https:\\\/\\\/www.chateau-viaudiere.com\\\/en\\\/contact-us\\\/#primaryimage\"},\"image\":{\"@id\":\"https:\\\/\\\/www.chateau-viaudiere.com\\\/en\\\/contact-us\\\/#primaryimage\"},\"thumbnailUrl\":\"https:\\\/\\\/www.chateau-viaudiere.com\\\/wp-content\\\/uploads\\\/2021\\\/08\\\/header_contact.jpg\",\"datePublished\":\"2015-08-12T12:37:01+00:00\",\"dateModified\":\"2024-07-12T07:03:59+00:00\",\"breadcrumb\":{\"@id\":\"https:\\\/\\\/www.chateau-viaudiere.com\\\/en\\\/contact-us\\\/#breadcrumb\"},\"inLanguage\":\"en-US\",\"potentialAction\":[{\"@type\":\"ReadAction\",\"target\":[\"https:\\\/\\\/www.chateau-viaudiere.com\\\/en\\\/contact-us\\\/\"]}]},{\"@type\":\"ImageObject\",\"inLanguage\":\"en-US\",\"@id\":\"https:\\\/\\\/www.chateau-viaudiere.com\\\/en\\\/contact-us\\\/#primaryimage\",\"url\":\"https:\\\/\\\/www.chateau-viaudiere.com\\\/wp-content\\\/uploads\\\/2021\\\/08\\\/header_contact.jpg\",\"contentUrl\":\"https:\\\/\\\/www.chateau-viaudiere.com\\\/wp-content\\\/uploads\\\/2021\\\/08\\\/header_contact.jpg\"},{\"@type\":\"BreadcrumbList\",\"@id\":\"https:\\\/\\\/www.chateau-viaudiere.com\\\/en\\\/contact-us\\\/#breadcrumb\",\"itemListElement\":[{\"@type\":\"ListItem\",\"position\":1,\"name\":\"Accueil\",\"item\":\"https:\\\/\\\/www.chateau-viaudiere.com\\\/en\\\/\"},{\"@type\":\"ListItem\",\"position\":2,\"name\":\"Contact us\"}]},{\"@type\":\"WebSite\",\"@id\":\"https:\\\/\\\/www.chateau-viaudiere.com\\\/en\\\/#website\",\"url\":\"https:\\\/\\\/www.chateau-viaudiere.com\\\/en\\\/\",\"name\":\"Ch\u00e2teau de la Viaudi\u00e8re\",\"description\":\"\",\"potentialAction\":[{\"@type\":\"SearchAction\",\"target\":{\"@type\":\"EntryPoint\",\"urlTemplate\":\"https:\\\/\\\/www.chateau-viaudiere.com\\\/en\\\/?s={search_term_string}\"},\"query-input\":{\"@type\":\"PropertyValueSpecification\",\"valueRequired\":true,\"valueName\":\"search_term_string\"}}],\"inLanguage\":\"en-US\"}]}<\/script>\n<!-- \/ Yoast SEO plugin. -->","yoast_head_json":{"title":"Contact us - Ch\u00e2teau de la Viaudi\u00e8re","robots":{"index":"index","follow":"follow","max-snippet":"max-snippet:-1","max-image-preview":"max-image-preview:large","max-video-preview":"max-video-preview:-1"},"canonical":"https:\/\/www.chateau-viaudiere.com\/en\/contact-us\/","og_locale":"en_US","og_type":"article","og_title":"Contact us - Ch\u00e2teau de la Viaudi\u00e8re","og_description":"Contact us Address Ch\u00e2teau de la Viaudi\u00e8re49380 Champ sur Layon Enter &#8220;Ch\u00e2teau de la Viaudi\u00e8re&#8221; in your browser application to come and meet us quickly! Contact Agn\u00e8s Giovannoni :\u00a0agnes@chateauviaudiere.com &#8211; Pierre-Antoine Giovannoni :\u00a0pierre_antoine@chateauviaudiere.com &#8211; Name* Email* Subject* &#8212;Veuillez choisir une option&#8212;Demande de tarifDemande de r\u00e9servationVisitesCommandesAutres Your message*","og_url":"https:\/\/www.chateau-viaudiere.com\/en\/contact-us\/","og_site_name":"Ch\u00e2teau de la Viaudi\u00e8re","article_modified_time":"2024-07-12T07:03:59+00:00","og_image":[{"url":"https:\/\/www.chateau-viaudiere.com\/wp-content\/uploads\/2021\/08\/header_contact.jpg","type":"","width":"","height":""}],"twitter_card":"summary_large_image","twitter_misc":{"Est. reading time":"1 minute"},"schema":{"@context":"https:\/\/schema.org","@graph":[{"@type":"WebPage","@id":"https:\/\/www.chateau-viaudiere.com\/en\/contact-us\/","url":"https:\/\/www.chateau-viaudiere.com\/en\/contact-us\/","name":"Contact us - Ch\u00e2teau de la Viaudi\u00e8re","isPartOf":{"@id":"https:\/\/www.chateau-viaudiere.com\/en\/#website"},"primaryImageOfPage":{"@id":"https:\/\/www.chateau-viaudiere.com\/en\/contact-us\/#primaryimage"},"image":{"@id":"https:\/\/www.chateau-viaudiere.com\/en\/contact-us\/#primaryimage"},"thumbnailUrl":"https:\/\/www.chateau-viaudiere.com\/wp-content\/uploads\/2021\/08\/header_contact.jpg","datePublished":"2015-08-12T12:37:01+00:00","dateModified":"2024-07-12T07:03:59+00:00","breadcrumb":{"@id":"https:\/\/www.chateau-viaudiere.com\/en\/contact-us\/#breadcrumb"},"inLanguage":"en-US","potentialAction":[{"@type":"ReadAction","target":["https:\/\/www.chateau-viaudiere.com\/en\/contact-us\/"]}]},{"@type":"ImageObject","inLanguage":"en-US","@id":"https:\/\/www.chateau-viaudiere.com\/en\/contact-us\/#primaryimage","url":"https:\/\/www.chateau-viaudiere.com\/wp-content\/uploads\/2021\/08\/header_contact.jpg","contentUrl":"https:\/\/www.chateau-viaudiere.com\/wp-content\/uploads\/2021\/08\/header_contact.jpg"},{"@type":"BreadcrumbList","@id":"https:\/\/www.chateau-viaudiere.com\/en\/contact-us\/#breadcrumb","itemListElement":[{"@type":"ListItem","position":1,"name":"Accueil","item":"https:\/\/www.chateau-viaudiere.com\/en\/"},{"@type":"ListItem","position":2,"name":"Contact us"}]},{"@type":"WebSite","@id":"https:\/\/www.chateau-viaudiere.com\/en\/#website","url":"https:\/\/www.chateau-viaudiere.com\/en\/","name":"Ch\u00e2teau de la Viaudi\u00e8re","description":"","potentialAction":[{"@type":"SearchAction","target":{"@type":"EntryPoint","urlTemplate":"https:\/\/www.chateau-viaudiere.com\/en\/?s={search_term_string}"},"query-input":{"@type":"PropertyValueSpecification","valueRequired":true,"valueName":"search_term_string"}}],"inLanguage":"en-US"}]}},"_links":{"self":[{"href":"https:\/\/www.chateau-viaudiere.com\/en\/wp-json\/wp\/v2\/pages\/3011","targetHints":{"allow":["GET"]}}],"collection":[{"href":"https:\/\/www.chateau-viaudiere.com\/en\/wp-json\/wp\/v2\/pages"}],"about":[{"href":"https:\/\/www.chateau-viaudiere.com\/en\/wp-json\/wp\/v2\/types\/page"}],"author":[{"embeddable":true,"href":"https:\/\/www.chateau-viaudiere.com\/en\/wp-json\/wp\/v2\/users\/1"}],"replies":[{"embeddable":true,"href":"https:\/\/www.chateau-viaudiere.com\/en\/wp-json\/wp\/v2\/comments?post=3011"}],"version-history":[{"count":53,"href":"https:\/\/www.chateau-viaudiere.com\/en\/wp-json\/wp\/v2\/pages\/3011\/revisions"}],"predecessor-version":[{"id":9090,"href":"https:\/\/www.chateau-viaudiere.com\/en\/wp-json\/wp\/v2\/pages\/3011\/revisions\/9090"}],"wp:attachment":[{"href":"https:\/\/www.chateau-viaudiere.com\/en\/wp-json\/wp\/v2\/media?parent=3011"}],"curies":[{"name":"wp","href":"https:\/\/api.w.org\/{rel}","templated":true}]}}